{"id":1495,"date":"2024-09-17T17:07:13","date_gmt":"2024-09-17T15:07:13","guid":{"rendered":"https:\/\/www.carbone-architectes.fr\/?page_id=1495"},"modified":"2024-09-17T17:07:16","modified_gmt":"2024-09-17T15:07:16","slug":"ero","status":"publish","type":"page","link":"https:\/\/www.carbone-architectes.fr\/index.php\/ero\/","title":{"rendered":"ERO"},"content":{"rendered":"\n<div class=\"wp-block-uagb-container uagb-block-d4d7f2ad alignfull uagb-is-root-container\">\n<div class=\"wp-block-uagb-container uagb-block-a0dbdbe5\">\n<figure class=\"wp-block-gallery has-nested-images columns-1 is-cropped wp-block-gallery-1 is-layout-flex wp-block-gallery-is-layout-flex\">\n<figure class=\"wp-block-image size-full\"><img decoding=\"async\" width=\"3404\" height=\"2160\" src=\"https:\/\/www.carbone-architectes.fr\/wp-content\/uploads\/2024\/09\/PARVIS.jpg\" alt=\"\" class=\"wp-image-1499\" srcset=\"https:\/\/www.carbone-architectes.fr\/wp-content\/uploads\/2024\/09\/PARVIS.jpg 3404w, https:\/\/www.carbone-architectes.fr\/wp-content\/uploads\/2024\/09\/PARVIS-768x487.jpg 768w, https:\/\/www.carbone-architectes.fr\/wp-content\/uploads\/2024\/09\/PARVIS-1536x975.jpg 1536w, https:\/\/www.carbone-architectes.fr\/wp-content\/uploads\/2024\/09\/PARVIS-2048x1300.jpg 2048w\" sizes=\"(max-width: 3404px) 100vw, 3404px\" \/><\/figure>\n\n\n\n<figure class=\"wp-block-image size-full\"><img decoding=\"async\" width=\"3403\" height=\"2160\" src=\"https:\/\/www.carbone-architectes.fr\/wp-content\/uploads\/2024\/09\/COUR.jpg\" alt=\"\" class=\"wp-image-1497\" srcset=\"https:\/\/www.carbone-architectes.fr\/wp-content\/uploads\/2024\/09\/COUR.jpg 3403w, https:\/\/www.carbone-architectes.fr\/wp-content\/uploads\/2024\/09\/COUR-768x487.jpg 768w, https:\/\/www.carbone-architectes.fr\/wp-content\/uploads\/2024\/09\/COUR-1536x975.jpg 1536w, https:\/\/www.carbone-architectes.fr\/wp-content\/uploads\/2024\/09\/COUR-2048x1300.jpg 2048w\" sizes=\"(max-width: 3403px) 100vw, 3403px\" \/><\/figure>\n\n\n\n<figure class=\"wp-block-image size-full\"><img decoding=\"async\" width=\"3840\" height=\"838\" src=\"https:\/\/www.carbone-architectes.fr\/wp-content\/uploads\/2024\/09\/OUEST.jpg\" alt=\"\" class=\"wp-image-1501\" srcset=\"https:\/\/www.carbone-architectes.fr\/wp-content\/uploads\/2024\/09\/OUEST.jpg 3840w, https:\/\/www.carbone-architectes.fr\/wp-content\/uploads\/2024\/09\/OUEST-768x168.jpg 768w, https:\/\/www.carbone-architectes.fr\/wp-content\/uploads\/2024\/09\/OUEST-1536x335.jpg 1536w, https:\/\/www.carbone-architectes.fr\/wp-content\/uploads\/2024\/09\/OUEST-2048x447.jpg 2048w\" sizes=\"(max-width: 3840px) 100vw, 3840px\" \/><\/figure>\n\n\n\n<figure class=\"wp-block-image size-full\"><img decoding=\"async\" width=\"3840\" height=\"447\" src=\"https:\/\/www.carbone-architectes.fr\/wp-content\/uploads\/2024\/09\/SUD.jpg\" alt=\"\" class=\"wp-image-1502\" srcset=\"https:\/\/www.carbone-architectes.fr\/wp-content\/uploads\/2024\/09\/SUD.jpg 3840w, https:\/\/www.carbone-architectes.fr\/wp-content\/uploads\/2024\/09\/SUD-768x89.jpg 768w, https:\/\/www.carbone-architectes.fr\/wp-content\/uploads\/2024\/09\/SUD-1536x179.jpg 1536w, https:\/\/www.carbone-architectes.fr\/wp-content\/uploads\/2024\/09\/SUD-2048x238.jpg 2048w\" sizes=\"(max-width: 3840px) 100vw, 3840px\" \/><\/figure>\n\n\n\n<figure class=\"wp-block-image size-full\"><img decoding=\"async\" width=\"3840\" height=\"733\" src=\"https:\/\/www.carbone-architectes.fr\/wp-content\/uploads\/2024\/09\/COUPE-A.jpg\" alt=\"\" class=\"wp-image-1503\" srcset=\"https:\/\/www.carbone-architectes.fr\/wp-content\/uploads\/2024\/09\/COUPE-A.jpg 3840w, https:\/\/www.carbone-architectes.fr\/wp-content\/uploads\/2024\/09\/COUPE-A-768x147.jpg 768w, https:\/\/www.carbone-architectes.fr\/wp-content\/uploads\/2024\/09\/COUPE-A-1536x293.jpg 1536w, https:\/\/www.carbone-architectes.fr\/wp-content\/uploads\/2024\/09\/COUPE-A-2048x391.jpg 2048w\" sizes=\"(max-width: 3840px) 100vw, 3840px\" \/><\/figure>\n\n\n\n<figure class=\"wp-block-image size-full\"><img decoding=\"async\" width=\"3840\" height=\"685\" src=\"https:\/\/www.carbone-architectes.fr\/wp-content\/uploads\/2024\/09\/COUPE-B.jpg\" alt=\"\" class=\"wp-image-1504\" srcset=\"https:\/\/www.carbone-architectes.fr\/wp-content\/uploads\/2024\/09\/COUPE-B.jpg 3840w, https:\/\/www.carbone-architectes.fr\/wp-content\/uploads\/2024\/09\/COUPE-B-768x137.jpg 768w, https:\/\/www.carbone-architectes.fr\/wp-content\/uploads\/2024\/09\/COUPE-B-1536x274.jpg 1536w, https:\/\/www.carbone-architectes.fr\/wp-content\/uploads\/2024\/09\/COUPE-B-2048x365.jpg 2048w\" sizes=\"(max-width: 3840px) 100vw, 3840px\" \/><\/figure>\n\n\n\n<figure class=\"wp-block-image size-full\"><img decoding=\"async\" width=\"3403\" height=\"2160\" src=\"https:\/\/www.carbone-architectes.fr\/wp-content\/uploads\/2024\/09\/POLYVALENTE.jpg\" alt=\"\" class=\"wp-image-1498\" srcset=\"https:\/\/www.carbone-architectes.fr\/wp-content\/uploads\/2024\/09\/POLYVALENTE.jpg 3403w, https:\/\/www.carbone-architectes.fr\/wp-content\/uploads\/2024\/09\/POLYVALENTE-768x487.jpg 768w, https:\/\/www.carbone-architectes.fr\/wp-content\/uploads\/2024\/09\/POLYVALENTE-1536x975.jpg 1536w, https:\/\/www.carbone-architectes.fr\/wp-content\/uploads\/2024\/09\/POLYVALENTE-2048x1300.jpg 2048w\" sizes=\"(max-width: 3403px) 100vw, 3403px\" \/><\/figure>\n<\/figure>\n<\/div>\n\n\n\n<div class=\"wp-block-uagb-container uagb-block-2c502ee3\">\n<figure class=\"wp-block-image size-full\"><img decoding=\"async\" width=\"2958\" height=\"2160\" src=\"https:\/\/www.carbone-architectes.fr\/wp-content\/uploads\/2024\/09\/11-MASSE-BOOK.jpg\" alt=\"\" class=\"wp-image-1500\" srcset=\"https:\/\/www.carbone-architectes.fr\/wp-content\/uploads\/2024\/09\/11-MASSE-BOOK.jpg 2958w, https:\/\/www.carbone-architectes.fr\/wp-content\/uploads\/2024\/09\/11-MASSE-BOOK-1972x1440.jpg 1972w, https:\/\/www.carbone-architectes.fr\/wp-content\/uploads\/2024\/09\/11-MASSE-BOOK-768x561.jpg 768w, https:\/\/www.carbone-architectes.fr\/wp-content\/uploads\/2024\/09\/11-MASSE-BOOK-1536x1122.jpg 1536w, https:\/\/www.carbone-architectes.fr\/wp-content\/uploads\/2024\/09\/11-MASSE-BOOK-2048x1495.jpg 2048w\" sizes=\"(max-width: 2958px) 100vw, 2958px\" \/><\/figure>\n\n\n\n<div class=\"wp-block-uagb-container uagb-block-c4a2a49e\">\n<h1 class=\"wp-block-heading\">Le Loroux-Bottereau (44)<\/h1>\n\n\n\n<p>Coll\u00e8ge Auguste Mailloux<\/p>\n\n\n\n<h2 class=\"wp-block-heading\">Ma\u00eetrise d&rsquo;ouvrage :<\/h2>\n\n\n\n<p>Dpt. Loire Atlantique<\/p>\n\n\n\n<h2 class=\"wp-block-heading\">Ma\u00eetrise d&rsquo;\u0153uvre&nbsp;:<\/h2>\n\n\n\n<p>K architectures (mandataire) &amp; Carbone \u2022 OTE \u2022 OTELIO \u2022 BEGC \u2022 AIA \u2022 FAAR PAYSAGE \u2022<\/p>\n\n\n\n<p>Surface : 6139 m<sup>2<\/sup><\/p>\n\n\n\n<p>Co\u00fbt : 14,1 m\u20ac HT<\/p>\n<\/div>\n<\/div>\n<\/div>\n","protected":false},"excerpt":{"rendered":"<p>Le Loroux-Bottereau (44) Coll\u00e8ge Auguste Mailloux Ma\u00eetrise d&rsquo;ouvrage : Dpt. Loire Atlantique Ma\u00eetrise d&rsquo;\u0153uvre&nbsp;: K architectures (mandataire) &amp; Carbone \u2022 OTE \u2022 OTELIO \u2022 BEGC \u2022 AIA \u2022 FAAR PAYSAGE \u2022 Surface : 6139 m2 Co\u00fbt : 14,1 m\u20ac HT<\/p>\n","protected":false},"author":1,"featured_media":0,"parent":0,"menu_order":0,"comment_status":"closed","ping_status":"closed","template":"","meta":{"_uag_custom_page_level_css":"","_swt_meta_header_display":false,"_swt_meta_footer_display":false,"_swt_meta_site_title_display":true,"_swt_meta_sticky_header":true,"_swt_meta_transparent_header":false,"footnotes":""},"class_list":["post-1495","page","type-page","status-publish","hentry"],"uagb_featured_image_src":{"full":false,"thumbnail":false,"medium":false,"medium_large":false,"large":false,"1536x1536":false,"2048x2048":false},"uagb_author_info":{"display_name":"SF","author_link":"https:\/\/www.carbone-architectes.fr\/index.php\/author\/sebastien-fiore\/"},"uagb_comment_info":0,"uagb_excerpt":"Le Loroux-Bottereau (44) Coll\u00e8ge Auguste Mailloux Ma\u00eetrise d&rsquo;ouvrage : Dpt. Loire Atlantique Ma\u00eetrise d&rsquo;\u0153uvre&nbsp;: K architectures (mandataire) &amp; Carbone \u2022 OTE \u2022 OTELIO \u2022 BEGC \u2022 AIA \u2022 FAAR PAYSAGE \u2022 Surface : 6139 m2 Co\u00fbt : 14,1 m\u20ac HT","_links":{"self":[{"href":"https:\/\/www.carbone-architectes.fr\/index.php\/wp-json\/wp\/v2\/pages\/1495"}],"collection":[{"href":"https:\/\/www.carbone-architectes.fr\/index.php\/wp-json\/wp\/v2\/pages"}],"about":[{"href":"https:\/\/www.carbone-architectes.fr\/index.php\/wp-json\/wp\/v2\/types\/page"}],"author":[{"embeddable":true,"href":"https:\/\/www.carbone-architectes.fr\/index.php\/wp-json\/wp\/v2\/users\/1"}],"replies":[{"embeddable":true,"href":"https:\/\/www.carbone-architectes.fr\/index.php\/wp-json\/wp\/v2\/comments?post=1495"}],"version-history":[{"count":3,"href":"https:\/\/www.carbone-architectes.fr\/index.php\/wp-json\/wp\/v2\/pages\/1495\/revisions"}],"predecessor-version":[{"id":1514,"href":"https:\/\/www.carbone-architectes.fr\/index.php\/wp-json\/wp\/v2\/pages\/1495\/revisions\/1514"}],"wp:attachment":[{"href":"https:\/\/www.carbone-architectes.fr\/index.php\/wp-json\/wp\/v2\/media?parent=1495"}],"curies":[{"name":"wp","href":"https:\/\/api.w.org\/{rel}","templated":true}]}}