{"id":2,"date":"2024-01-12T16:42:20","date_gmt":"2024-01-12T15:42:20","guid":{"rendered":"https:\/\/carbone-architectes.fr\/?page_id=2"},"modified":"2024-03-07T16:09:45","modified_gmt":"2024-03-07T15:09:45","slug":"ina","status":"publish","type":"page","link":"https:\/\/www.carbone-architectes.fr\/index.php\/ina\/","title":{"rendered":"INA"},"content":{"rendered":"\n<div class=\"wp-block-uagb-container uagb-block-d4d7f2ad alignfull uagb-is-root-container\">\n<div class=\"wp-block-uagb-container uagb-block-a0dbdbe5\">\n<figure class=\"wp-block-gallery has-nested-images columns-1 is-cropped wp-block-gallery-1 is-layout-flex wp-block-gallery-is-layout-flex\">\n<figure data-wp-context=\"{&quot;uploadedSrc&quot;:&quot;https:\\\/\\\/www.carbone-architectes.fr\\\/wp-content\\\/uploads\\\/2024\\\/03\\\/AIR-FINALE-10K.jpg&quot;,&quot;figureClassNames&quot;:&quot;wp-block-image size-full&quot;,&quot;figureStyles&quot;:null,&quot;imgClassNames&quot;:&quot;wp-image-894&quot;,&quot;imgStyles&quot;:null,&quot;targetWidth&quot;:3404,&quot;targetHeight&quot;:2160,&quot;scaleAttr&quot;:false,&quot;ariaLabel&quot;:&quot;Agrandir l\\u2018image&quot;,&quot;alt&quot;:&quot;&quot;}\" data-wp-interactive=\"core\/image\" class=\"wp-block-image size-full wp-lightbox-container\"><img decoding=\"async\" width=\"3404\" height=\"2160\" data-wp-init=\"callbacks.setButtonStyles\" data-wp-on-async--click=\"actions.showLightbox\" data-wp-on-async--load=\"callbacks.setButtonStyles\" data-wp-on-async-window--resize=\"callbacks.setButtonStyles\" src=\"https:\/\/carbone-architectes.fr\/wp-content\/uploads\/2024\/03\/AIR-FINALE-10K.jpg\" alt=\"\" class=\"wp-image-894\" srcset=\"https:\/\/www.carbone-architectes.fr\/wp-content\/uploads\/2024\/03\/AIR-FINALE-10K.jpg 3404w, https:\/\/www.carbone-architectes.fr\/wp-content\/uploads\/2024\/03\/AIR-FINALE-10K-768x487.jpg 768w, https:\/\/www.carbone-architectes.fr\/wp-content\/uploads\/2024\/03\/AIR-FINALE-10K-1536x975.jpg 1536w, https:\/\/www.carbone-architectes.fr\/wp-content\/uploads\/2024\/03\/AIR-FINALE-10K-2048x1300.jpg 2048w\" sizes=\"(max-width: 3404px) 100vw, 3404px\" \/><button\n\t\t\tclass=\"lightbox-trigger\"\n\t\t\ttype=\"button\"\n\t\t\taria-haspopup=\"dialog\"\n\t\t\taria-label=\"Agrandir l\u2018image\"\n\t\t\tdata-wp-init=\"callbacks.initTriggerButton\"\n\t\t\tdata-wp-on-async--click=\"actions.showLightbox\"\n\t\t\tdata-wp-style--right=\"context.imageButtonRight\"\n\t\t\tdata-wp-style--top=\"context.imageButtonTop\"\n\t\t>\n\t\t\t<svg xmlns=\"http:\/\/www.w3.org\/2000\/svg\" width=\"12\" height=\"12\" fill=\"none\" viewBox=\"0 0 12 12\">\n\t\t\t\t<path fill=\"#fff\" d=\"M2 0a2 2 0 0 0-2 2v2h1.5V2a.5.5 0 0 1 .5-.5h2V0H2Zm2 10.5H2a.5.5 0 0 1-.5-.5V8H0v2a2 2 0 0 0 2 2h2v-1.5ZM8 12v-1.5h2a.5.5 0 0 0 .5-.5V8H12v2a2 2 0 0 1-2 2H8Zm2-12a2 2 0 0 1 2 2v2h-1.5V2a.5.5 0 0 0-.5-.5H8V0h2Z\" \/>\n\t\t\t<\/svg>\n\t\t<\/button><\/figure>\n\n\n\n<figure data-wp-context=\"{&quot;uploadedSrc&quot;:&quot;https:\\\/\\\/www.carbone-architectes.fr\\\/wp-content\\\/uploads\\\/2024\\\/03\\\/PRAIRIE-FINALE-10K.jpg&quot;,&quot;figureClassNames&quot;:&quot;wp-block-image size-full&quot;,&quot;figureStyles&quot;:null,&quot;imgClassNames&quot;:&quot;wp-image-902&quot;,&quot;imgStyles&quot;:null,&quot;targetWidth&quot;:3404,&quot;targetHeight&quot;:2160,&quot;scaleAttr&quot;:false,&quot;ariaLabel&quot;:&quot;Agrandir l\\u2018image&quot;,&quot;alt&quot;:&quot;&quot;}\" data-wp-interactive=\"core\/image\" class=\"wp-block-image size-full wp-lightbox-container\"><img decoding=\"async\" width=\"3404\" height=\"2160\" data-wp-init=\"callbacks.setButtonStyles\" data-wp-on-async--click=\"actions.showLightbox\" data-wp-on-async--load=\"callbacks.setButtonStyles\" data-wp-on-async-window--resize=\"callbacks.setButtonStyles\" src=\"https:\/\/carbone-architectes.fr\/wp-content\/uploads\/2024\/03\/PRAIRIE-FINALE-10K.jpg\" alt=\"\" class=\"wp-image-902\" srcset=\"https:\/\/www.carbone-architectes.fr\/wp-content\/uploads\/2024\/03\/PRAIRIE-FINALE-10K.jpg 3404w, https:\/\/www.carbone-architectes.fr\/wp-content\/uploads\/2024\/03\/PRAIRIE-FINALE-10K-768x487.jpg 768w, https:\/\/www.carbone-architectes.fr\/wp-content\/uploads\/2024\/03\/PRAIRIE-FINALE-10K-1536x975.jpg 1536w, https:\/\/www.carbone-architectes.fr\/wp-content\/uploads\/2024\/03\/PRAIRIE-FINALE-10K-2048x1300.jpg 2048w\" sizes=\"(max-width: 3404px) 100vw, 3404px\" \/><button\n\t\t\tclass=\"lightbox-trigger\"\n\t\t\ttype=\"button\"\n\t\t\taria-haspopup=\"dialog\"\n\t\t\taria-label=\"Agrandir l\u2018image\"\n\t\t\tdata-wp-init=\"callbacks.initTriggerButton\"\n\t\t\tdata-wp-on-async--click=\"actions.showLightbox\"\n\t\t\tdata-wp-style--right=\"context.imageButtonRight\"\n\t\t\tdata-wp-style--top=\"context.imageButtonTop\"\n\t\t>\n\t\t\t<svg xmlns=\"http:\/\/www.w3.org\/2000\/svg\" width=\"12\" height=\"12\" fill=\"none\" viewBox=\"0 0 12 12\">\n\t\t\t\t<path fill=\"#fff\" d=\"M2 0a2 2 0 0 0-2 2v2h1.5V2a.5.5 0 0 1 .5-.5h2V0H2Zm2 10.5H2a.5.5 0 0 1-.5-.5V8H0v2a2 2 0 0 0 2 2h2v-1.5ZM8 12v-1.5h2a.5.5 0 0 0 .5-.5V8H12v2a2 2 0 0 1-2 2H8Zm2-12a2 2 0 0 1 2 2v2h-1.5V2a.5.5 0 0 0-.5-.5H8V0h2Z\" \/>\n\t\t\t<\/svg>\n\t\t<\/button><\/figure>\n\n\n\n<figure data-wp-context=\"{&quot;uploadedSrc&quot;:&quot;https:\\\/\\\/www.carbone-architectes.fr\\\/wp-content\\\/uploads\\\/2024\\\/03\\\/DETAIL-5K.jpg&quot;,&quot;figureClassNames&quot;:&quot;wp-block-image size-full&quot;,&quot;figureStyles&quot;:null,&quot;imgClassNames&quot;:&quot;wp-image-898&quot;,&quot;imgStyles&quot;:null,&quot;targetWidth&quot;:3404,&quot;targetHeight&quot;:2160,&quot;scaleAttr&quot;:false,&quot;ariaLabel&quot;:&quot;Agrandir l\\u2018image&quot;,&quot;alt&quot;:&quot;&quot;}\" data-wp-interactive=\"core\/image\" class=\"wp-block-image size-full wp-lightbox-container\"><img decoding=\"async\" width=\"3404\" height=\"2160\" data-wp-init=\"callbacks.setButtonStyles\" data-wp-on-async--click=\"actions.showLightbox\" data-wp-on-async--load=\"callbacks.setButtonStyles\" data-wp-on-async-window--resize=\"callbacks.setButtonStyles\" src=\"https:\/\/carbone-architectes.fr\/wp-content\/uploads\/2024\/03\/DETAIL-5K.jpg\" alt=\"\" class=\"wp-image-898\" srcset=\"https:\/\/www.carbone-architectes.fr\/wp-content\/uploads\/2024\/03\/DETAIL-5K.jpg 3404w, https:\/\/www.carbone-architectes.fr\/wp-content\/uploads\/2024\/03\/DETAIL-5K-768x487.jpg 768w, https:\/\/www.carbone-architectes.fr\/wp-content\/uploads\/2024\/03\/DETAIL-5K-1536x975.jpg 1536w, https:\/\/www.carbone-architectes.fr\/wp-content\/uploads\/2024\/03\/DETAIL-5K-2048x1300.jpg 2048w\" sizes=\"(max-width: 3404px) 100vw, 3404px\" \/><button\n\t\t\tclass=\"lightbox-trigger\"\n\t\t\ttype=\"button\"\n\t\t\taria-haspopup=\"dialog\"\n\t\t\taria-label=\"Agrandir l\u2018image\"\n\t\t\tdata-wp-init=\"callbacks.initTriggerButton\"\n\t\t\tdata-wp-on-async--click=\"actions.showLightbox\"\n\t\t\tdata-wp-style--right=\"context.imageButtonRight\"\n\t\t\tdata-wp-style--top=\"context.imageButtonTop\"\n\t\t>\n\t\t\t<svg xmlns=\"http:\/\/www.w3.org\/2000\/svg\" width=\"12\" height=\"12\" fill=\"none\" viewBox=\"0 0 12 12\">\n\t\t\t\t<path fill=\"#fff\" d=\"M2 0a2 2 0 0 0-2 2v2h1.5V2a.5.5 0 0 1 .5-.5h2V0H2Zm2 10.5H2a.5.5 0 0 1-.5-.5V8H0v2a2 2 0 0 0 2 2h2v-1.5ZM8 12v-1.5h2a.5.5 0 0 0 .5-.5V8H12v2a2 2 0 0 1-2 2H8Zm2-12a2 2 0 0 1 2 2v2h-1.5V2a.5.5 0 0 0-.5-.5H8V0h2Z\" \/>\n\t\t\t<\/svg>\n\t\t<\/button><\/figure>\n\n\n\n<figure data-wp-context=\"{&quot;uploadedSrc&quot;:&quot;https:\\\/\\\/www.carbone-architectes.fr\\\/wp-content\\\/uploads\\\/2024\\\/03\\\/NE-copie.jpg&quot;,&quot;figureClassNames&quot;:&quot;wp-block-image size-full&quot;,&quot;figureStyles&quot;:null,&quot;imgClassNames&quot;:&quot;wp-image-901&quot;,&quot;imgStyles&quot;:null,&quot;targetWidth&quot;:3840,&quot;targetHeight&quot;:640,&quot;scaleAttr&quot;:false,&quot;ariaLabel&quot;:&quot;Agrandir l\\u2018image&quot;,&quot;alt&quot;:&quot;&quot;}\" data-wp-interactive=\"core\/image\" class=\"wp-block-image size-full wp-lightbox-container\"><img decoding=\"async\" width=\"3840\" height=\"640\" data-wp-init=\"callbacks.setButtonStyles\" data-wp-on-async--click=\"actions.showLightbox\" data-wp-on-async--load=\"callbacks.setButtonStyles\" data-wp-on-async-window--resize=\"callbacks.setButtonStyles\" src=\"https:\/\/carbone-architectes.fr\/wp-content\/uploads\/2024\/03\/NE-copie.jpg\" alt=\"\" class=\"wp-image-901\" srcset=\"https:\/\/www.carbone-architectes.fr\/wp-content\/uploads\/2024\/03\/NE-copie.jpg 3840w, https:\/\/www.carbone-architectes.fr\/wp-content\/uploads\/2024\/03\/NE-copie-768x128.jpg 768w, https:\/\/www.carbone-architectes.fr\/wp-content\/uploads\/2024\/03\/NE-copie-1536x256.jpg 1536w, https:\/\/www.carbone-architectes.fr\/wp-content\/uploads\/2024\/03\/NE-copie-2048x341.jpg 2048w\" sizes=\"(max-width: 3840px) 100vw, 3840px\" \/><button\n\t\t\tclass=\"lightbox-trigger\"\n\t\t\ttype=\"button\"\n\t\t\taria-haspopup=\"dialog\"\n\t\t\taria-label=\"Agrandir l\u2018image\"\n\t\t\tdata-wp-init=\"callbacks.initTriggerButton\"\n\t\t\tdata-wp-on-async--click=\"actions.showLightbox\"\n\t\t\tdata-wp-style--right=\"context.imageButtonRight\"\n\t\t\tdata-wp-style--top=\"context.imageButtonTop\"\n\t\t>\n\t\t\t<svg xmlns=\"http:\/\/www.w3.org\/2000\/svg\" width=\"12\" height=\"12\" fill=\"none\" viewBox=\"0 0 12 12\">\n\t\t\t\t<path fill=\"#fff\" d=\"M2 0a2 2 0 0 0-2 2v2h1.5V2a.5.5 0 0 1 .5-.5h2V0H2Zm2 10.5H2a.5.5 0 0 1-.5-.5V8H0v2a2 2 0 0 0 2 2h2v-1.5ZM8 12v-1.5h2a.5.5 0 0 0 .5-.5V8H12v2a2 2 0 0 1-2 2H8Zm2-12a2 2 0 0 1 2 2v2h-1.5V2a.5.5 0 0 0-.5-.5H8V0h2Z\" \/>\n\t\t\t<\/svg>\n\t\t<\/button><\/figure>\n\n\n\n<figure data-wp-context=\"{&quot;uploadedSrc&quot;:&quot;https:\\\/\\\/www.carbone-architectes.fr\\\/wp-content\\\/uploads\\\/2024\\\/03\\\/SO2-copie.jpg&quot;,&quot;figureClassNames&quot;:&quot;wp-block-image size-full&quot;,&quot;figureStyles&quot;:null,&quot;imgClassNames&quot;:&quot;wp-image-904&quot;,&quot;imgStyles&quot;:null,&quot;targetWidth&quot;:3840,&quot;targetHeight&quot;:640,&quot;scaleAttr&quot;:false,&quot;ariaLabel&quot;:&quot;Agrandir l\\u2018image&quot;,&quot;alt&quot;:&quot;&quot;}\" data-wp-interactive=\"core\/image\" class=\"wp-block-image size-full wp-lightbox-container\"><img decoding=\"async\" width=\"3840\" height=\"640\" data-wp-init=\"callbacks.setButtonStyles\" data-wp-on-async--click=\"actions.showLightbox\" data-wp-on-async--load=\"callbacks.setButtonStyles\" data-wp-on-async-window--resize=\"callbacks.setButtonStyles\" src=\"https:\/\/carbone-architectes.fr\/wp-content\/uploads\/2024\/03\/SO2-copie.jpg\" alt=\"\" class=\"wp-image-904\" srcset=\"https:\/\/www.carbone-architectes.fr\/wp-content\/uploads\/2024\/03\/SO2-copie.jpg 3840w, https:\/\/www.carbone-architectes.fr\/wp-content\/uploads\/2024\/03\/SO2-copie-768x128.jpg 768w, https:\/\/www.carbone-architectes.fr\/wp-content\/uploads\/2024\/03\/SO2-copie-1536x256.jpg 1536w, https:\/\/www.carbone-architectes.fr\/wp-content\/uploads\/2024\/03\/SO2-copie-2048x341.jpg 2048w\" sizes=\"(max-width: 3840px) 100vw, 3840px\" \/><button\n\t\t\tclass=\"lightbox-trigger\"\n\t\t\ttype=\"button\"\n\t\t\taria-haspopup=\"dialog\"\n\t\t\taria-label=\"Agrandir l\u2018image\"\n\t\t\tdata-wp-init=\"callbacks.initTriggerButton\"\n\t\t\tdata-wp-on-async--click=\"actions.showLightbox\"\n\t\t\tdata-wp-style--right=\"context.imageButtonRight\"\n\t\t\tdata-wp-style--top=\"context.imageButtonTop\"\n\t\t>\n\t\t\t<svg xmlns=\"http:\/\/www.w3.org\/2000\/svg\" width=\"12\" height=\"12\" fill=\"none\" viewBox=\"0 0 12 12\">\n\t\t\t\t<path fill=\"#fff\" d=\"M2 0a2 2 0 0 0-2 2v2h1.5V2a.5.5 0 0 1 .5-.5h2V0H2Zm2 10.5H2a.5.5 0 0 1-.5-.5V8H0v2a2 2 0 0 0 2 2h2v-1.5ZM8 12v-1.5h2a.5.5 0 0 0 .5-.5V8H12v2a2 2 0 0 1-2 2H8Zm2-12a2 2 0 0 1 2 2v2h-1.5V2a.5.5 0 0 0-.5-.5H8V0h2Z\" \/>\n\t\t\t<\/svg>\n\t\t<\/button><\/figure>\n\n\n\n<figure data-wp-context=\"{&quot;uploadedSrc&quot;:&quot;https:\\\/\\\/www.carbone-architectes.fr\\\/wp-content\\\/uploads\\\/2024\\\/03\\\/SE2-copie.jpg&quot;,&quot;figureClassNames&quot;:&quot;wp-block-image size-full&quot;,&quot;figureStyles&quot;:null,&quot;imgClassNames&quot;:&quot;wp-image-903&quot;,&quot;imgStyles&quot;:null,&quot;targetWidth&quot;:3840,&quot;targetHeight&quot;:768,&quot;scaleAttr&quot;:false,&quot;ariaLabel&quot;:&quot;Agrandir l\\u2018image&quot;,&quot;alt&quot;:&quot;&quot;}\" data-wp-interactive=\"core\/image\" class=\"wp-block-image size-full wp-lightbox-container\"><img decoding=\"async\" width=\"3840\" height=\"768\" data-wp-init=\"callbacks.setButtonStyles\" data-wp-on-async--click=\"actions.showLightbox\" data-wp-on-async--load=\"callbacks.setButtonStyles\" data-wp-on-async-window--resize=\"callbacks.setButtonStyles\" src=\"https:\/\/carbone-architectes.fr\/wp-content\/uploads\/2024\/03\/SE2-copie.jpg\" alt=\"\" class=\"wp-image-903\" srcset=\"https:\/\/www.carbone-architectes.fr\/wp-content\/uploads\/2024\/03\/SE2-copie.jpg 3840w, https:\/\/www.carbone-architectes.fr\/wp-content\/uploads\/2024\/03\/SE2-copie-768x154.jpg 768w, https:\/\/www.carbone-architectes.fr\/wp-content\/uploads\/2024\/03\/SE2-copie-1536x307.jpg 1536w, https:\/\/www.carbone-architectes.fr\/wp-content\/uploads\/2024\/03\/SE2-copie-2048x410.jpg 2048w\" sizes=\"(max-width: 3840px) 100vw, 3840px\" \/><button\n\t\t\tclass=\"lightbox-trigger\"\n\t\t\ttype=\"button\"\n\t\t\taria-haspopup=\"dialog\"\n\t\t\taria-label=\"Agrandir l\u2018image\"\n\t\t\tdata-wp-init=\"callbacks.initTriggerButton\"\n\t\t\tdata-wp-on-async--click=\"actions.showLightbox\"\n\t\t\tdata-wp-style--right=\"context.imageButtonRight\"\n\t\t\tdata-wp-style--top=\"context.imageButtonTop\"\n\t\t>\n\t\t\t<svg xmlns=\"http:\/\/www.w3.org\/2000\/svg\" width=\"12\" height=\"12\" fill=\"none\" viewBox=\"0 0 12 12\">\n\t\t\t\t<path fill=\"#fff\" d=\"M2 0a2 2 0 0 0-2 2v2h1.5V2a.5.5 0 0 1 .5-.5h2V0H2Zm2 10.5H2a.5.5 0 0 1-.5-.5V8H0v2a2 2 0 0 0 2 2h2v-1.5ZM8 12v-1.5h2a.5.5 0 0 0 .5-.5V8H12v2a2 2 0 0 1-2 2H8Zm2-12a2 2 0 0 1 2 2v2h-1.5V2a.5.5 0 0 0-.5-.5H8V0h2Z\" \/>\n\t\t\t<\/svg>\n\t\t<\/button><\/figure>\n\n\n\n<figure data-wp-context=\"{&quot;uploadedSrc&quot;:&quot;https:\\\/\\\/www.carbone-architectes.fr\\\/wp-content\\\/uploads\\\/2024\\\/03\\\/HALL.jpg&quot;,&quot;figureClassNames&quot;:&quot;wp-block-image size-full&quot;,&quot;figureStyles&quot;:null,&quot;imgClassNames&quot;:&quot;wp-image-899&quot;,&quot;imgStyles&quot;:null,&quot;targetWidth&quot;:3840,&quot;targetHeight&quot;:1920,&quot;scaleAttr&quot;:false,&quot;ariaLabel&quot;:&quot;Agrandir l\\u2018image&quot;,&quot;alt&quot;:&quot;&quot;}\" data-wp-interactive=\"core\/image\" class=\"wp-block-image size-full wp-lightbox-container\"><img decoding=\"async\" width=\"3840\" height=\"1920\" data-wp-init=\"callbacks.setButtonStyles\" data-wp-on-async--click=\"actions.showLightbox\" data-wp-on-async--load=\"callbacks.setButtonStyles\" data-wp-on-async-window--resize=\"callbacks.setButtonStyles\" src=\"https:\/\/carbone-architectes.fr\/wp-content\/uploads\/2024\/03\/HALL.jpg\" alt=\"\" class=\"wp-image-899\" srcset=\"https:\/\/www.carbone-architectes.fr\/wp-content\/uploads\/2024\/03\/HALL.jpg 3840w, https:\/\/www.carbone-architectes.fr\/wp-content\/uploads\/2024\/03\/HALL-768x384.jpg 768w, https:\/\/www.carbone-architectes.fr\/wp-content\/uploads\/2024\/03\/HALL-1536x768.jpg 1536w, https:\/\/www.carbone-architectes.fr\/wp-content\/uploads\/2024\/03\/HALL-2048x1024.jpg 2048w\" sizes=\"(max-width: 3840px) 100vw, 3840px\" \/><button\n\t\t\tclass=\"lightbox-trigger\"\n\t\t\ttype=\"button\"\n\t\t\taria-haspopup=\"dialog\"\n\t\t\taria-label=\"Agrandir l\u2018image\"\n\t\t\tdata-wp-init=\"callbacks.initTriggerButton\"\n\t\t\tdata-wp-on-async--click=\"actions.showLightbox\"\n\t\t\tdata-wp-style--right=\"context.imageButtonRight\"\n\t\t\tdata-wp-style--top=\"context.imageButtonTop\"\n\t\t>\n\t\t\t<svg xmlns=\"http:\/\/www.w3.org\/2000\/svg\" width=\"12\" height=\"12\" fill=\"none\" viewBox=\"0 0 12 12\">\n\t\t\t\t<path fill=\"#fff\" d=\"M2 0a2 2 0 0 0-2 2v2h1.5V2a.5.5 0 0 1 .5-.5h2V0H2Zm2 10.5H2a.5.5 0 0 1-.5-.5V8H0v2a2 2 0 0 0 2 2h2v-1.5ZM8 12v-1.5h2a.5.5 0 0 0 .5-.5V8H12v2a2 2 0 0 1-2 2H8Zm2-12a2 2 0 0 1 2 2v2h-1.5V2a.5.5 0 0 0-.5-.5H8V0h2Z\" \/>\n\t\t\t<\/svg>\n\t\t<\/button><\/figure>\n\n\n\n<figure data-wp-context=\"{&quot;uploadedSrc&quot;:&quot;https:\\\/\\\/www.carbone-architectes.fr\\\/wp-content\\\/uploads\\\/2024\\\/03\\\/MOTRICITE-copie.jpg&quot;,&quot;figureClassNames&quot;:&quot;wp-block-image size-full&quot;,&quot;figureStyles&quot;:null,&quot;imgClassNames&quot;:&quot;wp-image-900&quot;,&quot;imgStyles&quot;:null,&quot;targetWidth&quot;:3840,&quot;targetHeight&quot;:1920,&quot;scaleAttr&quot;:false,&quot;ariaLabel&quot;:&quot;Agrandir l\\u2018image&quot;,&quot;alt&quot;:&quot;&quot;}\" data-wp-interactive=\"core\/image\" class=\"wp-block-image size-full wp-lightbox-container\"><img decoding=\"async\" width=\"3840\" height=\"1920\" data-wp-init=\"callbacks.setButtonStyles\" data-wp-on-async--click=\"actions.showLightbox\" data-wp-on-async--load=\"callbacks.setButtonStyles\" data-wp-on-async-window--resize=\"callbacks.setButtonStyles\" src=\"https:\/\/carbone-architectes.fr\/wp-content\/uploads\/2024\/03\/MOTRICITE-copie.jpg\" alt=\"\" class=\"wp-image-900\" srcset=\"https:\/\/www.carbone-architectes.fr\/wp-content\/uploads\/2024\/03\/MOTRICITE-copie.jpg 3840w, https:\/\/www.carbone-architectes.fr\/wp-content\/uploads\/2024\/03\/MOTRICITE-copie-768x384.jpg 768w, https:\/\/www.carbone-architectes.fr\/wp-content\/uploads\/2024\/03\/MOTRICITE-copie-1536x768.jpg 1536w, https:\/\/www.carbone-architectes.fr\/wp-content\/uploads\/2024\/03\/MOTRICITE-copie-2048x1024.jpg 2048w\" sizes=\"(max-width: 3840px) 100vw, 3840px\" \/><button\n\t\t\tclass=\"lightbox-trigger\"\n\t\t\ttype=\"button\"\n\t\t\taria-haspopup=\"dialog\"\n\t\t\taria-label=\"Agrandir l\u2018image\"\n\t\t\tdata-wp-init=\"callbacks.initTriggerButton\"\n\t\t\tdata-wp-on-async--click=\"actions.showLightbox\"\n\t\t\tdata-wp-style--right=\"context.imageButtonRight\"\n\t\t\tdata-wp-style--top=\"context.imageButtonTop\"\n\t\t>\n\t\t\t<svg xmlns=\"http:\/\/www.w3.org\/2000\/svg\" width=\"12\" height=\"12\" fill=\"none\" viewBox=\"0 0 12 12\">\n\t\t\t\t<path fill=\"#fff\" d=\"M2 0a2 2 0 0 0-2 2v2h1.5V2a.5.5 0 0 1 .5-.5h2V0H2Zm2 10.5H2a.5.5 0 0 1-.5-.5V8H0v2a2 2 0 0 0 2 2h2v-1.5ZM8 12v-1.5h2a.5.5 0 0 0 .5-.5V8H12v2a2 2 0 0 1-2 2H8Zm2-12a2 2 0 0 1 2 2v2h-1.5V2a.5.5 0 0 0-.5-.5H8V0h2Z\" \/>\n\t\t\t<\/svg>\n\t\t<\/button><\/figure>\n\n\n\n<figure data-wp-context=\"{&quot;uploadedSrc&quot;:&quot;https:\\\/\\\/www.carbone-architectes.fr\\\/wp-content\\\/uploads\\\/2024\\\/03\\\/CLASSE.jpg&quot;,&quot;figureClassNames&quot;:&quot;wp-block-image size-full&quot;,&quot;figureStyles&quot;:null,&quot;imgClassNames&quot;:&quot;wp-image-905&quot;,&quot;imgStyles&quot;:null,&quot;targetWidth&quot;:3840,&quot;targetHeight&quot;:1920,&quot;scaleAttr&quot;:false,&quot;ariaLabel&quot;:&quot;Agrandir l\\u2018image&quot;,&quot;alt&quot;:&quot;&quot;}\" data-wp-interactive=\"core\/image\" class=\"wp-block-image size-full wp-lightbox-container\"><img decoding=\"async\" width=\"3840\" height=\"1920\" data-wp-init=\"callbacks.setButtonStyles\" data-wp-on-async--click=\"actions.showLightbox\" data-wp-on-async--load=\"callbacks.setButtonStyles\" data-wp-on-async-window--resize=\"callbacks.setButtonStyles\" src=\"https:\/\/carbone-architectes.fr\/wp-content\/uploads\/2024\/03\/CLASSE.jpg\" alt=\"\" class=\"wp-image-905\" srcset=\"https:\/\/www.carbone-architectes.fr\/wp-content\/uploads\/2024\/03\/CLASSE.jpg 3840w, https:\/\/www.carbone-architectes.fr\/wp-content\/uploads\/2024\/03\/CLASSE-768x384.jpg 768w, https:\/\/www.carbone-architectes.fr\/wp-content\/uploads\/2024\/03\/CLASSE-1536x768.jpg 1536w, https:\/\/www.carbone-architectes.fr\/wp-content\/uploads\/2024\/03\/CLASSE-2048x1024.jpg 2048w\" sizes=\"(max-width: 3840px) 100vw, 3840px\" \/><button\n\t\t\tclass=\"lightbox-trigger\"\n\t\t\ttype=\"button\"\n\t\t\taria-haspopup=\"dialog\"\n\t\t\taria-label=\"Agrandir l\u2018image\"\n\t\t\tdata-wp-init=\"callbacks.initTriggerButton\"\n\t\t\tdata-wp-on-async--click=\"actions.showLightbox\"\n\t\t\tdata-wp-style--right=\"context.imageButtonRight\"\n\t\t\tdata-wp-style--top=\"context.imageButtonTop\"\n\t\t>\n\t\t\t<svg xmlns=\"http:\/\/www.w3.org\/2000\/svg\" width=\"12\" height=\"12\" fill=\"none\" viewBox=\"0 0 12 12\">\n\t\t\t\t<path fill=\"#fff\" d=\"M2 0a2 2 0 0 0-2 2v2h1.5V2a.5.5 0 0 1 .5-.5h2V0H2Zm2 10.5H2a.5.5 0 0 1-.5-.5V8H0v2a2 2 0 0 0 2 2h2v-1.5ZM8 12v-1.5h2a.5.5 0 0 0 .5-.5V8H12v2a2 2 0 0 1-2 2H8Zm2-12a2 2 0 0 1 2 2v2h-1.5V2a.5.5 0 0 0-.5-.5H8V0h2Z\" \/>\n\t\t\t<\/svg>\n\t\t<\/button><\/figure>\n<\/figure>\n<\/div>\n\n\n\n<div class=\"wp-block-uagb-container uagb-block-2c502ee3\">\n<figure class=\"wp-block-image size-full\"><img decoding=\"async\" width=\"3152\" height=\"1777\" src=\"https:\/\/carbone-architectes.fr\/wp-content\/uploads\/2024\/03\/01-masse-book.jpg\" alt=\"\" class=\"wp-image-909\" style=\"object-fit:cover\" srcset=\"https:\/\/www.carbone-architectes.fr\/wp-content\/uploads\/2024\/03\/01-masse-book.jpg 3152w, https:\/\/www.carbone-architectes.fr\/wp-content\/uploads\/2024\/03\/01-masse-book-768x433.jpg 768w, https:\/\/www.carbone-architectes.fr\/wp-content\/uploads\/2024\/03\/01-masse-book-1536x866.jpg 1536w, https:\/\/www.carbone-architectes.fr\/wp-content\/uploads\/2024\/03\/01-masse-book-2048x1155.jpg 2048w\" sizes=\"(max-width: 3152px) 100vw, 3152px\" \/><\/figure>\n\n\n\n<div class=\"wp-block-uagb-container uagb-block-c4a2a49e\">\n<h1 class=\"wp-block-heading\">Linas (91)<\/h1>\n\n\n\n<p>Groupe scolaire de 12 classes et am\u00e9nagements paysagers<\/p>\n\n\n\n<h2 class=\"wp-block-heading\">Ma\u00eetrise d&rsquo;ouvrage :<\/h2>\n\n\n\n<p>Ville de Linas<\/p>\n\n\n\n<h2 class=\"wp-block-heading\">Ma\u00eetrise d&rsquo;\u0153uvre&nbsp;:<\/h2>\n\n\n\n<p>K architectures (mandataire) &amp; Carbone \u2022 AREA \u2022 BATISERF \u2022 ALTIA \u2022 BMF \u2022 E.Brossard paysagiste \u2022<\/p>\n\n\n\n<p>Surface : 3073 m\u00b2<\/p>\n\n\n\n<p>Co\u00fbt : 8 M\u20ac<\/p>\n\n\n\n<h2 class=\"wp-block-heading\">RE 2020 &#8211; mat\u00e9riaux biosourc\u00e9s (structure bois \/ isolant paille)<\/h2>\n<\/div>\n<\/div>\n<\/div>\n","protected":false},"excerpt":{"rendered":"<p>Linas (91) Groupe scolaire de 12 classes et am\u00e9nagements paysagers Ma\u00eetrise d&rsquo;ouvrage : Ville de Linas Ma\u00eetrise d&rsquo;\u0153uvre&nbsp;: K architectures (mandataire) &amp; Carbone \u2022 AREA \u2022 BATISERF \u2022 ALTIA \u2022 BMF \u2022 E.Brossard paysagiste \u2022 Surface : 3073 m\u00b2 Co\u00fbt : 8 M\u20ac RE 2020 &#8211; mat\u00e9riaux biosourc\u00e9s (structure bois \/ isolant paille)<\/p>\n","protected":false},"author":1,"featured_media":0,"parent":0,"menu_order":0,"comment_status":"closed","ping_status":"closed","template":"","meta":{"_uag_custom_page_level_css":"","_swt_meta_header_display":false,"_swt_meta_footer_display":false,"_swt_meta_site_title_display":true,"_swt_meta_sticky_header":true,"_swt_meta_transparent_header":false,"footnotes":""},"class_list":["post-2","page","type-page","status-publish","hentry"],"uagb_featured_image_src":{"full":false,"thumbnail":false,"medium":false,"medium_large":false,"large":false,"1536x1536":false,"2048x2048":false},"uagb_author_info":{"display_name":"SF","author_link":"https:\/\/www.carbone-architectes.fr\/index.php\/author\/sebastien-fiore\/"},"uagb_comment_info":0,"uagb_excerpt":"Linas (91) Groupe scolaire de 12 classes et am\u00e9nagements paysagers Ma\u00eetrise d&rsquo;ouvrage : Ville de Linas Ma\u00eetrise d&rsquo;\u0153uvre&nbsp;: K architectures (mandataire) &amp; Carbone \u2022 AREA \u2022 BATISERF \u2022 ALTIA \u2022 BMF \u2022 E.Brossard paysagiste \u2022 Surface : 3073 m\u00b2 Co\u00fbt : 8 M\u20ac RE 2020 &#8211; mat\u00e9riaux biosourc\u00e9s (structure bois \/ isolant paille)","_links":{"self":[{"href":"https:\/\/www.carbone-architectes.fr\/index.php\/wp-json\/wp\/v2\/pages\/2"}],"collection":[{"href":"https:\/\/www.carbone-architectes.fr\/index.php\/wp-json\/wp\/v2\/pages"}],"about":[{"href":"https:\/\/www.carbone-architectes.fr\/index.php\/wp-json\/wp\/v2\/types\/page"}],"author":[{"embeddable":true,"href":"https:\/\/www.carbone-architectes.fr\/index.php\/wp-json\/wp\/v2\/users\/1"}],"replies":[{"embeddable":true,"href":"https:\/\/www.carbone-architectes.fr\/index.php\/wp-json\/wp\/v2\/comments?post=2"}],"version-history":[{"count":1,"href":"https:\/\/www.carbone-architectes.fr\/index.php\/wp-json\/wp\/v2\/pages\/2\/revisions"}],"predecessor-version":[{"id":1442,"href":"https:\/\/www.carbone-architectes.fr\/index.php\/wp-json\/wp\/v2\/pages\/2\/revisions\/1442"}],"wp:attachment":[{"href":"https:\/\/www.carbone-architectes.fr\/index.php\/wp-json\/wp\/v2\/media?parent=2"}],"curies":[{"name":"wp","href":"https:\/\/api.w.org\/{rel}","templated":true}]}}