{"id":264,"date":"2024-02-15T12:18:12","date_gmt":"2024-02-15T11:18:12","guid":{"rendered":"https:\/\/carbone-architectes.fr\/?page_id=264"},"modified":"2024-03-07T16:16:17","modified_gmt":"2024-03-07T15:16:17","slug":"wat","status":"publish","type":"page","link":"https:\/\/www.carbone-architectes.fr\/index.php\/wat\/","title":{"rendered":"WAT"},"content":{"rendered":"\n<div class=\"wp-block-uagb-container uagb-block-d4d7f2ad alignfull uagb-is-root-container\">\n<div class=\"wp-block-uagb-container uagb-block-a0dbdbe5\">\n<figure class=\"wp-block-gallery has-nested-images columns-1 is-cropped wp-block-gallery-1 is-layout-flex wp-block-gallery-is-layout-flex\">\n<figure data-wp-context=\"{&quot;uploadedSrc&quot;:&quot;https:\\\/\\\/www.carbone-architectes.fr\\\/wp-content\\\/uploads\\\/2024\\\/03\\\/WATRELOT-01-PERS1.jpg&quot;,&quot;figureClassNames&quot;:&quot;wp-block-image size-full&quot;,&quot;figureStyles&quot;:null,&quot;imgClassNames&quot;:&quot;wp-image-929&quot;,&quot;imgStyles&quot;:null,&quot;targetWidth&quot;:3840,&quot;targetHeight&quot;:2016,&quot;scaleAttr&quot;:false,&quot;ariaLabel&quot;:&quot;Agrandir l\\u2018image&quot;,&quot;alt&quot;:&quot;&quot;}\" data-wp-interactive=\"core\/image\" class=\"wp-block-image size-full wp-lightbox-container\"><img decoding=\"async\" width=\"3840\" height=\"2016\" data-wp-init=\"callbacks.setButtonStyles\" data-wp-on-async--click=\"actions.showLightbox\" data-wp-on-async--load=\"callbacks.setButtonStyles\" data-wp-on-async-window--resize=\"callbacks.setButtonStyles\" src=\"https:\/\/carbone-architectes.fr\/wp-content\/uploads\/2024\/03\/WATRELOT-01-PERS1.jpg\" alt=\"\" class=\"wp-image-929\" srcset=\"https:\/\/www.carbone-architectes.fr\/wp-content\/uploads\/2024\/03\/WATRELOT-01-PERS1.jpg 3840w, https:\/\/www.carbone-architectes.fr\/wp-content\/uploads\/2024\/03\/WATRELOT-01-PERS1-768x403.jpg 768w, https:\/\/www.carbone-architectes.fr\/wp-content\/uploads\/2024\/03\/WATRELOT-01-PERS1-1536x806.jpg 1536w, https:\/\/www.carbone-architectes.fr\/wp-content\/uploads\/2024\/03\/WATRELOT-01-PERS1-2048x1075.jpg 2048w\" sizes=\"(max-width: 3840px) 100vw, 3840px\" \/><button\n\t\t\tclass=\"lightbox-trigger\"\n\t\t\ttype=\"button\"\n\t\t\taria-haspopup=\"dialog\"\n\t\t\taria-label=\"Agrandir l\u2018image\"\n\t\t\tdata-wp-init=\"callbacks.initTriggerButton\"\n\t\t\tdata-wp-on-async--click=\"actions.showLightbox\"\n\t\t\tdata-wp-style--right=\"context.imageButtonRight\"\n\t\t\tdata-wp-style--top=\"context.imageButtonTop\"\n\t\t>\n\t\t\t<svg xmlns=\"http:\/\/www.w3.org\/2000\/svg\" width=\"12\" height=\"12\" fill=\"none\" viewBox=\"0 0 12 12\">\n\t\t\t\t<path fill=\"#fff\" d=\"M2 0a2 2 0 0 0-2 2v2h1.5V2a.5.5 0 0 1 .5-.5h2V0H2Zm2 10.5H2a.5.5 0 0 1-.5-.5V8H0v2a2 2 0 0 0 2 2h2v-1.5ZM8 12v-1.5h2a.5.5 0 0 0 .5-.5V8H12v2a2 2 0 0 1-2 2H8Zm2-12a2 2 0 0 1 2 2v2h-1.5V2a.5.5 0 0 0-.5-.5H8V0h2Z\" \/>\n\t\t\t<\/svg>\n\t\t<\/button><\/figure>\n\n\n\n<figure data-wp-context=\"{&quot;uploadedSrc&quot;:&quot;https:\\\/\\\/www.carbone-architectes.fr\\\/wp-content\\\/uploads\\\/2024\\\/03\\\/WATRELOT-02-PERS-INT.jpg&quot;,&quot;figureClassNames&quot;:&quot;wp-block-image size-full&quot;,&quot;figureStyles&quot;:null,&quot;imgClassNames&quot;:&quot;wp-image-930&quot;,&quot;imgStyles&quot;:null,&quot;targetWidth&quot;:3840,&quot;targetHeight&quot;:2016,&quot;scaleAttr&quot;:false,&quot;ariaLabel&quot;:&quot;Agrandir l\\u2018image&quot;,&quot;alt&quot;:&quot;&quot;}\" data-wp-interactive=\"core\/image\" class=\"wp-block-image size-full wp-lightbox-container\"><img decoding=\"async\" width=\"3840\" height=\"2016\" data-wp-init=\"callbacks.setButtonStyles\" data-wp-on-async--click=\"actions.showLightbox\" data-wp-on-async--load=\"callbacks.setButtonStyles\" data-wp-on-async-window--resize=\"callbacks.setButtonStyles\" src=\"https:\/\/carbone-architectes.fr\/wp-content\/uploads\/2024\/03\/WATRELOT-02-PERS-INT.jpg\" alt=\"\" class=\"wp-image-930\" srcset=\"https:\/\/www.carbone-architectes.fr\/wp-content\/uploads\/2024\/03\/WATRELOT-02-PERS-INT.jpg 3840w, https:\/\/www.carbone-architectes.fr\/wp-content\/uploads\/2024\/03\/WATRELOT-02-PERS-INT-768x403.jpg 768w, https:\/\/www.carbone-architectes.fr\/wp-content\/uploads\/2024\/03\/WATRELOT-02-PERS-INT-1536x806.jpg 1536w, https:\/\/www.carbone-architectes.fr\/wp-content\/uploads\/2024\/03\/WATRELOT-02-PERS-INT-2048x1075.jpg 2048w\" sizes=\"(max-width: 3840px) 100vw, 3840px\" \/><button\n\t\t\tclass=\"lightbox-trigger\"\n\t\t\ttype=\"button\"\n\t\t\taria-haspopup=\"dialog\"\n\t\t\taria-label=\"Agrandir l\u2018image\"\n\t\t\tdata-wp-init=\"callbacks.initTriggerButton\"\n\t\t\tdata-wp-on-async--click=\"actions.showLightbox\"\n\t\t\tdata-wp-style--right=\"context.imageButtonRight\"\n\t\t\tdata-wp-style--top=\"context.imageButtonTop\"\n\t\t>\n\t\t\t<svg xmlns=\"http:\/\/www.w3.org\/2000\/svg\" width=\"12\" height=\"12\" fill=\"none\" viewBox=\"0 0 12 12\">\n\t\t\t\t<path fill=\"#fff\" d=\"M2 0a2 2 0 0 0-2 2v2h1.5V2a.5.5 0 0 1 .5-.5h2V0H2Zm2 10.5H2a.5.5 0 0 1-.5-.5V8H0v2a2 2 0 0 0 2 2h2v-1.5ZM8 12v-1.5h2a.5.5 0 0 0 .5-.5V8H12v2a2 2 0 0 1-2 2H8Zm2-12a2 2 0 0 1 2 2v2h-1.5V2a.5.5 0 0 0-.5-.5H8V0h2Z\" \/>\n\t\t\t<\/svg>\n\t\t<\/button><\/figure>\n\n\n\n<figure data-wp-context=\"{&quot;uploadedSrc&quot;:&quot;https:\\\/\\\/www.carbone-architectes.fr\\\/wp-content\\\/uploads\\\/2024\\\/03\\\/WATRELOT-03-PERS-EXT2.jpg&quot;,&quot;figureClassNames&quot;:&quot;wp-block-image size-full&quot;,&quot;figureStyles&quot;:null,&quot;imgClassNames&quot;:&quot;wp-image-931&quot;,&quot;imgStyles&quot;:null,&quot;targetWidth&quot;:3840,&quot;targetHeight&quot;:2016,&quot;scaleAttr&quot;:false,&quot;ariaLabel&quot;:&quot;Agrandir l\\u2018image&quot;,&quot;alt&quot;:&quot;&quot;}\" data-wp-interactive=\"core\/image\" class=\"wp-block-image size-full wp-lightbox-container\"><img decoding=\"async\" width=\"3840\" height=\"2016\" data-wp-init=\"callbacks.setButtonStyles\" data-wp-on-async--click=\"actions.showLightbox\" data-wp-on-async--load=\"callbacks.setButtonStyles\" data-wp-on-async-window--resize=\"callbacks.setButtonStyles\" src=\"https:\/\/carbone-architectes.fr\/wp-content\/uploads\/2024\/03\/WATRELOT-03-PERS-EXT2.jpg\" alt=\"\" class=\"wp-image-931\" srcset=\"https:\/\/www.carbone-architectes.fr\/wp-content\/uploads\/2024\/03\/WATRELOT-03-PERS-EXT2.jpg 3840w, https:\/\/www.carbone-architectes.fr\/wp-content\/uploads\/2024\/03\/WATRELOT-03-PERS-EXT2-768x403.jpg 768w, https:\/\/www.carbone-architectes.fr\/wp-content\/uploads\/2024\/03\/WATRELOT-03-PERS-EXT2-1536x806.jpg 1536w, https:\/\/www.carbone-architectes.fr\/wp-content\/uploads\/2024\/03\/WATRELOT-03-PERS-EXT2-2048x1075.jpg 2048w\" sizes=\"(max-width: 3840px) 100vw, 3840px\" \/><button\n\t\t\tclass=\"lightbox-trigger\"\n\t\t\ttype=\"button\"\n\t\t\taria-haspopup=\"dialog\"\n\t\t\taria-label=\"Agrandir l\u2018image\"\n\t\t\tdata-wp-init=\"callbacks.initTriggerButton\"\n\t\t\tdata-wp-on-async--click=\"actions.showLightbox\"\n\t\t\tdata-wp-style--right=\"context.imageButtonRight\"\n\t\t\tdata-wp-style--top=\"context.imageButtonTop\"\n\t\t>\n\t\t\t<svg xmlns=\"http:\/\/www.w3.org\/2000\/svg\" width=\"12\" height=\"12\" fill=\"none\" viewBox=\"0 0 12 12\">\n\t\t\t\t<path fill=\"#fff\" d=\"M2 0a2 2 0 0 0-2 2v2h1.5V2a.5.5 0 0 1 .5-.5h2V0H2Zm2 10.5H2a.5.5 0 0 1-.5-.5V8H0v2a2 2 0 0 0 2 2h2v-1.5ZM8 12v-1.5h2a.5.5 0 0 0 .5-.5V8H12v2a2 2 0 0 1-2 2H8Zm2-12a2 2 0 0 1 2 2v2h-1.5V2a.5.5 0 0 0-.5-.5H8V0h2Z\" \/>\n\t\t\t<\/svg>\n\t\t<\/button><\/figure>\n\n\n\n<figure data-wp-context=\"{&quot;uploadedSrc&quot;:&quot;https:\\\/\\\/www.carbone-architectes.fr\\\/wp-content\\\/uploads\\\/2024\\\/03\\\/WATRELOT-09-Facade-Est.jpg&quot;,&quot;figureClassNames&quot;:&quot;wp-block-image size-full&quot;,&quot;figureStyles&quot;:null,&quot;imgClassNames&quot;:&quot;wp-image-937&quot;,&quot;imgStyles&quot;:null,&quot;targetWidth&quot;:3840,&quot;targetHeight&quot;:1074,&quot;scaleAttr&quot;:false,&quot;ariaLabel&quot;:&quot;Agrandir l\\u2018image&quot;,&quot;alt&quot;:&quot;&quot;}\" data-wp-interactive=\"core\/image\" class=\"wp-block-image size-full wp-lightbox-container\"><img decoding=\"async\" width=\"3840\" height=\"1074\" data-wp-init=\"callbacks.setButtonStyles\" data-wp-on-async--click=\"actions.showLightbox\" data-wp-on-async--load=\"callbacks.setButtonStyles\" data-wp-on-async-window--resize=\"callbacks.setButtonStyles\" src=\"https:\/\/carbone-architectes.fr\/wp-content\/uploads\/2024\/03\/WATRELOT-09-Facade-Est.jpg\" alt=\"\" class=\"wp-image-937\" srcset=\"https:\/\/www.carbone-architectes.fr\/wp-content\/uploads\/2024\/03\/WATRELOT-09-Facade-Est.jpg 3840w, https:\/\/www.carbone-architectes.fr\/wp-content\/uploads\/2024\/03\/WATRELOT-09-Facade-Est-768x215.jpg 768w, https:\/\/www.carbone-architectes.fr\/wp-content\/uploads\/2024\/03\/WATRELOT-09-Facade-Est-1536x430.jpg 1536w, https:\/\/www.carbone-architectes.fr\/wp-content\/uploads\/2024\/03\/WATRELOT-09-Facade-Est-2048x573.jpg 2048w\" sizes=\"(max-width: 3840px) 100vw, 3840px\" \/><button\n\t\t\tclass=\"lightbox-trigger\"\n\t\t\ttype=\"button\"\n\t\t\taria-haspopup=\"dialog\"\n\t\t\taria-label=\"Agrandir l\u2018image\"\n\t\t\tdata-wp-init=\"callbacks.initTriggerButton\"\n\t\t\tdata-wp-on-async--click=\"actions.showLightbox\"\n\t\t\tdata-wp-style--right=\"context.imageButtonRight\"\n\t\t\tdata-wp-style--top=\"context.imageButtonTop\"\n\t\t>\n\t\t\t<svg xmlns=\"http:\/\/www.w3.org\/2000\/svg\" width=\"12\" height=\"12\" fill=\"none\" viewBox=\"0 0 12 12\">\n\t\t\t\t<path fill=\"#fff\" d=\"M2 0a2 2 0 0 0-2 2v2h1.5V2a.5.5 0 0 1 .5-.5h2V0H2Zm2 10.5H2a.5.5 0 0 1-.5-.5V8H0v2a2 2 0 0 0 2 2h2v-1.5ZM8 12v-1.5h2a.5.5 0 0 0 .5-.5V8H12v2a2 2 0 0 1-2 2H8Zm2-12a2 2 0 0 1 2 2v2h-1.5V2a.5.5 0 0 0-.5-.5H8V0h2Z\" \/>\n\t\t\t<\/svg>\n\t\t<\/button><\/figure>\n\n\n\n<figure data-wp-context=\"{&quot;uploadedSrc&quot;:&quot;https:\\\/\\\/www.carbone-architectes.fr\\\/wp-content\\\/uploads\\\/2024\\\/03\\\/WATRELOT-08-coupe-D.jpg&quot;,&quot;figureClassNames&quot;:&quot;wp-block-image size-full&quot;,&quot;figureStyles&quot;:null,&quot;imgClassNames&quot;:&quot;wp-image-936&quot;,&quot;imgStyles&quot;:null,&quot;targetWidth&quot;:3840,&quot;targetHeight&quot;:1058,&quot;scaleAttr&quot;:false,&quot;ariaLabel&quot;:&quot;Agrandir l\\u2018image&quot;,&quot;alt&quot;:&quot;&quot;}\" data-wp-interactive=\"core\/image\" class=\"wp-block-image size-full wp-lightbox-container\"><img decoding=\"async\" width=\"3840\" height=\"1058\" data-wp-init=\"callbacks.setButtonStyles\" data-wp-on-async--click=\"actions.showLightbox\" data-wp-on-async--load=\"callbacks.setButtonStyles\" data-wp-on-async-window--resize=\"callbacks.setButtonStyles\" src=\"https:\/\/carbone-architectes.fr\/wp-content\/uploads\/2024\/03\/WATRELOT-08-coupe-D.jpg\" alt=\"\" class=\"wp-image-936\" srcset=\"https:\/\/www.carbone-architectes.fr\/wp-content\/uploads\/2024\/03\/WATRELOT-08-coupe-D.jpg 3840w, https:\/\/www.carbone-architectes.fr\/wp-content\/uploads\/2024\/03\/WATRELOT-08-coupe-D-768x212.jpg 768w, https:\/\/www.carbone-architectes.fr\/wp-content\/uploads\/2024\/03\/WATRELOT-08-coupe-D-1536x423.jpg 1536w, https:\/\/www.carbone-architectes.fr\/wp-content\/uploads\/2024\/03\/WATRELOT-08-coupe-D-2048x564.jpg 2048w\" sizes=\"(max-width: 3840px) 100vw, 3840px\" \/><button\n\t\t\tclass=\"lightbox-trigger\"\n\t\t\ttype=\"button\"\n\t\t\taria-haspopup=\"dialog\"\n\t\t\taria-label=\"Agrandir l\u2018image\"\n\t\t\tdata-wp-init=\"callbacks.initTriggerButton\"\n\t\t\tdata-wp-on-async--click=\"actions.showLightbox\"\n\t\t\tdata-wp-style--right=\"context.imageButtonRight\"\n\t\t\tdata-wp-style--top=\"context.imageButtonTop\"\n\t\t>\n\t\t\t<svg xmlns=\"http:\/\/www.w3.org\/2000\/svg\" width=\"12\" height=\"12\" fill=\"none\" viewBox=\"0 0 12 12\">\n\t\t\t\t<path fill=\"#fff\" d=\"M2 0a2 2 0 0 0-2 2v2h1.5V2a.5.5 0 0 1 .5-.5h2V0H2Zm2 10.5H2a.5.5 0 0 1-.5-.5V8H0v2a2 2 0 0 0 2 2h2v-1.5ZM8 12v-1.5h2a.5.5 0 0 0 .5-.5V8H12v2a2 2 0 0 1-2 2H8Zm2-12a2 2 0 0 1 2 2v2h-1.5V2a.5.5 0 0 0-.5-.5H8V0h2Z\" \/>\n\t\t\t<\/svg>\n\t\t<\/button><\/figure>\n\n\n\n<figure data-wp-context=\"{&quot;uploadedSrc&quot;:&quot;https:\\\/\\\/www.carbone-architectes.fr\\\/wp-content\\\/uploads\\\/2024\\\/03\\\/WATRELOT-07-coupe-B.jpg&quot;,&quot;figureClassNames&quot;:&quot;wp-block-image size-full&quot;,&quot;figureStyles&quot;:null,&quot;imgClassNames&quot;:&quot;wp-image-935&quot;,&quot;imgStyles&quot;:null,&quot;targetWidth&quot;:3840,&quot;targetHeight&quot;:1031,&quot;scaleAttr&quot;:false,&quot;ariaLabel&quot;:&quot;Agrandir l\\u2018image&quot;,&quot;alt&quot;:&quot;&quot;}\" data-wp-interactive=\"core\/image\" class=\"wp-block-image size-full wp-lightbox-container\"><img decoding=\"async\" width=\"3840\" height=\"1031\" data-wp-init=\"callbacks.setButtonStyles\" data-wp-on-async--click=\"actions.showLightbox\" data-wp-on-async--load=\"callbacks.setButtonStyles\" data-wp-on-async-window--resize=\"callbacks.setButtonStyles\" src=\"https:\/\/carbone-architectes.fr\/wp-content\/uploads\/2024\/03\/WATRELOT-07-coupe-B.jpg\" alt=\"\" class=\"wp-image-935\" srcset=\"https:\/\/www.carbone-architectes.fr\/wp-content\/uploads\/2024\/03\/WATRELOT-07-coupe-B.jpg 3840w, https:\/\/www.carbone-architectes.fr\/wp-content\/uploads\/2024\/03\/WATRELOT-07-coupe-B-768x206.jpg 768w, https:\/\/www.carbone-architectes.fr\/wp-content\/uploads\/2024\/03\/WATRELOT-07-coupe-B-1536x412.jpg 1536w, https:\/\/www.carbone-architectes.fr\/wp-content\/uploads\/2024\/03\/WATRELOT-07-coupe-B-2048x550.jpg 2048w\" sizes=\"(max-width: 3840px) 100vw, 3840px\" \/><button\n\t\t\tclass=\"lightbox-trigger\"\n\t\t\ttype=\"button\"\n\t\t\taria-haspopup=\"dialog\"\n\t\t\taria-label=\"Agrandir l\u2018image\"\n\t\t\tdata-wp-init=\"callbacks.initTriggerButton\"\n\t\t\tdata-wp-on-async--click=\"actions.showLightbox\"\n\t\t\tdata-wp-style--right=\"context.imageButtonRight\"\n\t\t\tdata-wp-style--top=\"context.imageButtonTop\"\n\t\t>\n\t\t\t<svg xmlns=\"http:\/\/www.w3.org\/2000\/svg\" width=\"12\" height=\"12\" fill=\"none\" viewBox=\"0 0 12 12\">\n\t\t\t\t<path fill=\"#fff\" d=\"M2 0a2 2 0 0 0-2 2v2h1.5V2a.5.5 0 0 1 .5-.5h2V0H2Zm2 10.5H2a.5.5 0 0 1-.5-.5V8H0v2a2 2 0 0 0 2 2h2v-1.5ZM8 12v-1.5h2a.5.5 0 0 0 .5-.5V8H12v2a2 2 0 0 1-2 2H8Zm2-12a2 2 0 0 1 2 2v2h-1.5V2a.5.5 0 0 0-.5-.5H8V0h2Z\" \/>\n\t\t\t<\/svg>\n\t\t<\/button><\/figure>\n\n\n\n<figure data-wp-context=\"{&quot;uploadedSrc&quot;:&quot;https:\\\/\\\/www.carbone-architectes.fr\\\/wp-content\\\/uploads\\\/2024\\\/03\\\/WATRELOT-06-coupe-A.jpg&quot;,&quot;figureClassNames&quot;:&quot;wp-block-image size-full&quot;,&quot;figureStyles&quot;:null,&quot;imgClassNames&quot;:&quot;wp-image-934&quot;,&quot;imgStyles&quot;:null,&quot;targetWidth&quot;:3840,&quot;targetHeight&quot;:999,&quot;scaleAttr&quot;:false,&quot;ariaLabel&quot;:&quot;Agrandir l\\u2018image&quot;,&quot;alt&quot;:&quot;&quot;}\" data-wp-interactive=\"core\/image\" class=\"wp-block-image size-full wp-lightbox-container\"><img decoding=\"async\" width=\"3840\" height=\"999\" data-wp-init=\"callbacks.setButtonStyles\" data-wp-on-async--click=\"actions.showLightbox\" data-wp-on-async--load=\"callbacks.setButtonStyles\" data-wp-on-async-window--resize=\"callbacks.setButtonStyles\" src=\"https:\/\/carbone-architectes.fr\/wp-content\/uploads\/2024\/03\/WATRELOT-06-coupe-A.jpg\" alt=\"\" class=\"wp-image-934\" srcset=\"https:\/\/www.carbone-architectes.fr\/wp-content\/uploads\/2024\/03\/WATRELOT-06-coupe-A.jpg 3840w, https:\/\/www.carbone-architectes.fr\/wp-content\/uploads\/2024\/03\/WATRELOT-06-coupe-A-768x200.jpg 768w, https:\/\/www.carbone-architectes.fr\/wp-content\/uploads\/2024\/03\/WATRELOT-06-coupe-A-1536x400.jpg 1536w, https:\/\/www.carbone-architectes.fr\/wp-content\/uploads\/2024\/03\/WATRELOT-06-coupe-A-2048x533.jpg 2048w\" sizes=\"(max-width: 3840px) 100vw, 3840px\" \/><button\n\t\t\tclass=\"lightbox-trigger\"\n\t\t\ttype=\"button\"\n\t\t\taria-haspopup=\"dialog\"\n\t\t\taria-label=\"Agrandir l\u2018image\"\n\t\t\tdata-wp-init=\"callbacks.initTriggerButton\"\n\t\t\tdata-wp-on-async--click=\"actions.showLightbox\"\n\t\t\tdata-wp-style--right=\"context.imageButtonRight\"\n\t\t\tdata-wp-style--top=\"context.imageButtonTop\"\n\t\t>\n\t\t\t<svg xmlns=\"http:\/\/www.w3.org\/2000\/svg\" width=\"12\" height=\"12\" fill=\"none\" viewBox=\"0 0 12 12\">\n\t\t\t\t<path fill=\"#fff\" d=\"M2 0a2 2 0 0 0-2 2v2h1.5V2a.5.5 0 0 1 .5-.5h2V0H2Zm2 10.5H2a.5.5 0 0 1-.5-.5V8H0v2a2 2 0 0 0 2 2h2v-1.5ZM8 12v-1.5h2a.5.5 0 0 0 .5-.5V8H12v2a2 2 0 0 1-2 2H8Zm2-12a2 2 0 0 1 2 2v2h-1.5V2a.5.5 0 0 0-.5-.5H8V0h2Z\" \/>\n\t\t\t<\/svg>\n\t\t<\/button><\/figure>\n\n\n\n<figure data-wp-context=\"{&quot;uploadedSrc&quot;:&quot;https:\\\/\\\/www.carbone-architectes.fr\\\/wp-content\\\/uploads\\\/2024\\\/03\\\/WATRELOT-05-facade-Sud.jpg&quot;,&quot;figureClassNames&quot;:&quot;wp-block-image size-full&quot;,&quot;figureStyles&quot;:null,&quot;imgClassNames&quot;:&quot;wp-image-933&quot;,&quot;imgStyles&quot;:null,&quot;targetWidth&quot;:3840,&quot;targetHeight&quot;:1014,&quot;scaleAttr&quot;:false,&quot;ariaLabel&quot;:&quot;Agrandir l\\u2018image&quot;,&quot;alt&quot;:&quot;&quot;}\" data-wp-interactive=\"core\/image\" class=\"wp-block-image size-full wp-lightbox-container\"><img decoding=\"async\" width=\"3840\" height=\"1014\" data-wp-init=\"callbacks.setButtonStyles\" data-wp-on-async--click=\"actions.showLightbox\" data-wp-on-async--load=\"callbacks.setButtonStyles\" data-wp-on-async-window--resize=\"callbacks.setButtonStyles\" src=\"https:\/\/carbone-architectes.fr\/wp-content\/uploads\/2024\/03\/WATRELOT-05-facade-Sud.jpg\" alt=\"\" class=\"wp-image-933\" srcset=\"https:\/\/www.carbone-architectes.fr\/wp-content\/uploads\/2024\/03\/WATRELOT-05-facade-Sud.jpg 3840w, https:\/\/www.carbone-architectes.fr\/wp-content\/uploads\/2024\/03\/WATRELOT-05-facade-Sud-768x203.jpg 768w, https:\/\/www.carbone-architectes.fr\/wp-content\/uploads\/2024\/03\/WATRELOT-05-facade-Sud-1536x406.jpg 1536w, https:\/\/www.carbone-architectes.fr\/wp-content\/uploads\/2024\/03\/WATRELOT-05-facade-Sud-2048x541.jpg 2048w\" sizes=\"(max-width: 3840px) 100vw, 3840px\" \/><button\n\t\t\tclass=\"lightbox-trigger\"\n\t\t\ttype=\"button\"\n\t\t\taria-haspopup=\"dialog\"\n\t\t\taria-label=\"Agrandir l\u2018image\"\n\t\t\tdata-wp-init=\"callbacks.initTriggerButton\"\n\t\t\tdata-wp-on-async--click=\"actions.showLightbox\"\n\t\t\tdata-wp-style--right=\"context.imageButtonRight\"\n\t\t\tdata-wp-style--top=\"context.imageButtonTop\"\n\t\t>\n\t\t\t<svg xmlns=\"http:\/\/www.w3.org\/2000\/svg\" width=\"12\" height=\"12\" fill=\"none\" viewBox=\"0 0 12 12\">\n\t\t\t\t<path fill=\"#fff\" d=\"M2 0a2 2 0 0 0-2 2v2h1.5V2a.5.5 0 0 1 .5-.5h2V0H2Zm2 10.5H2a.5.5 0 0 1-.5-.5V8H0v2a2 2 0 0 0 2 2h2v-1.5ZM8 12v-1.5h2a.5.5 0 0 0 .5-.5V8H12v2a2 2 0 0 1-2 2H8Zm2-12a2 2 0 0 1 2 2v2h-1.5V2a.5.5 0 0 0-.5-.5H8V0h2Z\" \/>\n\t\t\t<\/svg>\n\t\t<\/button><\/figure>\n\n\n\n<figure data-wp-context=\"{&quot;uploadedSrc&quot;:&quot;https:\\\/\\\/www.carbone-architectes.fr\\\/wp-content\\\/uploads\\\/2024\\\/03\\\/WATRELOT-04-AXO.jpg&quot;,&quot;figureClassNames&quot;:&quot;wp-block-image size-full&quot;,&quot;figureStyles&quot;:null,&quot;imgClassNames&quot;:&quot;wp-image-932&quot;,&quot;imgStyles&quot;:null,&quot;targetWidth&quot;:1694,&quot;targetHeight&quot;:2160,&quot;scaleAttr&quot;:false,&quot;ariaLabel&quot;:&quot;Agrandir l\\u2018image&quot;,&quot;alt&quot;:&quot;&quot;}\" data-wp-interactive=\"core\/image\" class=\"wp-block-image size-full wp-lightbox-container\"><img decoding=\"async\" width=\"1694\" height=\"2160\" data-wp-init=\"callbacks.setButtonStyles\" data-wp-on-async--click=\"actions.showLightbox\" data-wp-on-async--load=\"callbacks.setButtonStyles\" data-wp-on-async-window--resize=\"callbacks.setButtonStyles\" src=\"https:\/\/carbone-architectes.fr\/wp-content\/uploads\/2024\/03\/WATRELOT-04-AXO.jpg\" alt=\"\" class=\"wp-image-932\" srcset=\"https:\/\/www.carbone-architectes.fr\/wp-content\/uploads\/2024\/03\/WATRELOT-04-AXO.jpg 1694w, https:\/\/www.carbone-architectes.fr\/wp-content\/uploads\/2024\/03\/WATRELOT-04-AXO-1129x1440.jpg 1129w, https:\/\/www.carbone-architectes.fr\/wp-content\/uploads\/2024\/03\/WATRELOT-04-AXO-768x979.jpg 768w, https:\/\/www.carbone-architectes.fr\/wp-content\/uploads\/2024\/03\/WATRELOT-04-AXO-1205x1536.jpg 1205w, https:\/\/www.carbone-architectes.fr\/wp-content\/uploads\/2024\/03\/WATRELOT-04-AXO-1606x2048.jpg 1606w\" sizes=\"(max-width: 1694px) 100vw, 1694px\" \/><button\n\t\t\tclass=\"lightbox-trigger\"\n\t\t\ttype=\"button\"\n\t\t\taria-haspopup=\"dialog\"\n\t\t\taria-label=\"Agrandir l\u2018image\"\n\t\t\tdata-wp-init=\"callbacks.initTriggerButton\"\n\t\t\tdata-wp-on-async--click=\"actions.showLightbox\"\n\t\t\tdata-wp-style--right=\"context.imageButtonRight\"\n\t\t\tdata-wp-style--top=\"context.imageButtonTop\"\n\t\t>\n\t\t\t<svg xmlns=\"http:\/\/www.w3.org\/2000\/svg\" width=\"12\" height=\"12\" fill=\"none\" viewBox=\"0 0 12 12\">\n\t\t\t\t<path fill=\"#fff\" d=\"M2 0a2 2 0 0 0-2 2v2h1.5V2a.5.5 0 0 1 .5-.5h2V0H2Zm2 10.5H2a.5.5 0 0 1-.5-.5V8H0v2a2 2 0 0 0 2 2h2v-1.5ZM8 12v-1.5h2a.5.5 0 0 0 .5-.5V8H12v2a2 2 0 0 1-2 2H8Zm2-12a2 2 0 0 1 2 2v2h-1.5V2a.5.5 0 0 0-.5-.5H8V0h2Z\" \/>\n\t\t\t<\/svg>\n\t\t<\/button><\/figure>\n<\/figure>\n<\/div>\n\n\n\n<div class=\"wp-block-uagb-container uagb-block-2c502ee3\">\n<figure class=\"wp-block-image size-full\"><img decoding=\"async\" width=\"1939\" height=\"1314\" src=\"https:\/\/carbone-architectes.fr\/wp-content\/uploads\/2024\/03\/WATRELOT-00-plan-masse.jpg\" alt=\"\" class=\"wp-image-928\" style=\"object-fit:cover\" srcset=\"https:\/\/www.carbone-architectes.fr\/wp-content\/uploads\/2024\/03\/WATRELOT-00-plan-masse.jpg 1939w, https:\/\/www.carbone-architectes.fr\/wp-content\/uploads\/2024\/03\/WATRELOT-00-plan-masse-768x520.jpg 768w, https:\/\/www.carbone-architectes.fr\/wp-content\/uploads\/2024\/03\/WATRELOT-00-plan-masse-1536x1041.jpg 1536w\" sizes=\"(max-width: 1939px) 100vw, 1939px\" \/><\/figure>\n\n\n\n<div class=\"wp-block-uagb-container uagb-block-c4a2a49e\">\n<h1 class=\"wp-block-heading\">Franconville (95)<\/h1>\n\n\n\n<p>R\u00e9habilitation et extension du groupe scolaire R.Watrelot<\/p>\n\n\n\n<h2 class=\"wp-block-heading\">Ma\u00eetrise d&rsquo;ouvrage :<\/h2>\n\n\n\n<p>Ville de Franconville<\/p>\n\n\n\n<h2 class=\"wp-block-heading\">Ma\u00eetrise d&rsquo;\u0153uvre :<\/h2>\n\n\n\n<p>K architectures (mandataire) &amp; Carbone \u2022 EVP \u2022 AREA \u2022 EICP \u2022<br>ALTIA \u2022 AIA \u2022 BEGC<\/p>\n\n\n\n<h2 class=\"wp-block-heading\">Extension ossature bois<\/h2>\n<\/div>\n<\/div>\n<\/div>\n","protected":false},"excerpt":{"rendered":"<p>Franconville (95) R\u00e9habilitation et extension du groupe scolaire R.Watrelot Ma\u00eetrise d&rsquo;ouvrage : Ville de Franconville Ma\u00eetrise d&rsquo;\u0153uvre : K architectures (mandataire) &amp; Carbone \u2022 EVP \u2022 AREA \u2022 EICP \u2022ALTIA \u2022 AIA \u2022 BEGC Extension ossature bois<\/p>\n","protected":false},"author":1,"featured_media":0,"parent":0,"menu_order":0,"comment_status":"closed","ping_status":"closed","template":"","meta":{"_uag_custom_page_level_css":"","_swt_meta_header_display":false,"_swt_meta_footer_display":false,"_swt_meta_site_title_display":true,"_swt_meta_sticky_header":true,"_swt_meta_transparent_header":false,"footnotes":""},"class_list":["post-264","page","type-page","status-publish","hentry"],"uagb_featured_image_src":{"full":false,"thumbnail":false,"medium":false,"medium_large":false,"large":false,"1536x1536":false,"2048x2048":false},"uagb_author_info":{"display_name":"SF","author_link":"https:\/\/www.carbone-architectes.fr\/index.php\/author\/sebastien-fiore\/"},"uagb_comment_info":0,"uagb_excerpt":"Franconville (95) R\u00e9habilitation et extension du groupe scolaire R.Watrelot Ma\u00eetrise d&rsquo;ouvrage : Ville de Franconville Ma\u00eetrise d&rsquo;\u0153uvre : K architectures (mandataire) &amp; Carbone \u2022 EVP \u2022 AREA \u2022 EICP \u2022ALTIA \u2022 AIA \u2022 BEGC Extension ossature bois","_links":{"self":[{"href":"https:\/\/www.carbone-architectes.fr\/index.php\/wp-json\/wp\/v2\/pages\/264"}],"collection":[{"href":"https:\/\/www.carbone-architectes.fr\/index.php\/wp-json\/wp\/v2\/pages"}],"about":[{"href":"https:\/\/www.carbone-architectes.fr\/index.php\/wp-json\/wp\/v2\/types\/page"}],"author":[{"embeddable":true,"href":"https:\/\/www.carbone-architectes.fr\/index.php\/wp-json\/wp\/v2\/users\/1"}],"replies":[{"embeddable":true,"href":"https:\/\/www.carbone-architectes.fr\/index.php\/wp-json\/wp\/v2\/comments?post=264"}],"version-history":[{"count":1,"href":"https:\/\/www.carbone-architectes.fr\/index.php\/wp-json\/wp\/v2\/pages\/264\/revisions"}],"predecessor-version":[{"id":1449,"href":"https:\/\/www.carbone-architectes.fr\/index.php\/wp-json\/wp\/v2\/pages\/264\/revisions\/1449"}],"wp:attachment":[{"href":"https:\/\/www.carbone-architectes.fr\/index.php\/wp-json\/wp\/v2\/media?parent=264"}],"curies":[{"name":"wp","href":"https:\/\/api.w.org\/{rel}","templated":true}]}}