{"id":277,"date":"2024-02-15T12:22:28","date_gmt":"2024-02-15T11:22:28","guid":{"rendered":"https:\/\/carbone-architectes.fr\/?page_id=277"},"modified":"2024-03-07T16:14:02","modified_gmt":"2024-03-07T15:14:02","slug":"roi","status":"publish","type":"page","link":"https:\/\/www.carbone-architectes.fr\/index.php\/roi\/","title":{"rendered":"ROI"},"content":{"rendered":"\n<div class=\"wp-block-uagb-container uagb-block-d4d7f2ad alignfull uagb-is-root-container\">\n<div class=\"wp-block-uagb-container uagb-block-a0dbdbe5\">\n<figure class=\"wp-block-gallery has-nested-images columns-1 is-cropped wp-block-gallery-1 is-layout-flex wp-block-gallery-is-layout-flex\">\n<figure data-wp-context=\"{&quot;uploadedSrc&quot;:&quot;https:\\\/\\\/www.carbone-architectes.fr\\\/wp-content\\\/uploads\\\/2024\\\/03\\\/ROI-01-PERS-EXT1.jpg&quot;,&quot;figureClassNames&quot;:&quot;wp-block-image size-full&quot;,&quot;figureStyles&quot;:null,&quot;imgClassNames&quot;:&quot;wp-image-885&quot;,&quot;imgStyles&quot;:null,&quot;targetWidth&quot;:3840,&quot;targetHeight&quot;:2160,&quot;scaleAttr&quot;:false,&quot;ariaLabel&quot;:&quot;Agrandir l\\u2018image&quot;,&quot;alt&quot;:&quot;&quot;}\" data-wp-interactive=\"core\/image\" class=\"wp-block-image size-full wp-lightbox-container\"><img decoding=\"async\" width=\"3840\" height=\"2160\" data-wp-init=\"callbacks.setButtonStyles\" data-wp-on-async--click=\"actions.showLightbox\" data-wp-on-async--load=\"callbacks.setButtonStyles\" data-wp-on-async-window--resize=\"callbacks.setButtonStyles\" src=\"https:\/\/carbone-architectes.fr\/wp-content\/uploads\/2024\/03\/ROI-01-PERS-EXT1.jpg\" alt=\"\" class=\"wp-image-885\" srcset=\"https:\/\/www.carbone-architectes.fr\/wp-content\/uploads\/2024\/03\/ROI-01-PERS-EXT1.jpg 3840w, https:\/\/www.carbone-architectes.fr\/wp-content\/uploads\/2024\/03\/ROI-01-PERS-EXT1-768x432.jpg 768w, https:\/\/www.carbone-architectes.fr\/wp-content\/uploads\/2024\/03\/ROI-01-PERS-EXT1-1536x864.jpg 1536w, https:\/\/www.carbone-architectes.fr\/wp-content\/uploads\/2024\/03\/ROI-01-PERS-EXT1-2048x1152.jpg 2048w\" sizes=\"(max-width: 3840px) 100vw, 3840px\" \/><button\n\t\t\tclass=\"lightbox-trigger\"\n\t\t\ttype=\"button\"\n\t\t\taria-haspopup=\"dialog\"\n\t\t\taria-label=\"Agrandir l\u2018image\"\n\t\t\tdata-wp-init=\"callbacks.initTriggerButton\"\n\t\t\tdata-wp-on-async--click=\"actions.showLightbox\"\n\t\t\tdata-wp-style--right=\"context.imageButtonRight\"\n\t\t\tdata-wp-style--top=\"context.imageButtonTop\"\n\t\t>\n\t\t\t<svg xmlns=\"http:\/\/www.w3.org\/2000\/svg\" width=\"12\" height=\"12\" fill=\"none\" viewBox=\"0 0 12 12\">\n\t\t\t\t<path fill=\"#fff\" d=\"M2 0a2 2 0 0 0-2 2v2h1.5V2a.5.5 0 0 1 .5-.5h2V0H2Zm2 10.5H2a.5.5 0 0 1-.5-.5V8H0v2a2 2 0 0 0 2 2h2v-1.5ZM8 12v-1.5h2a.5.5 0 0 0 .5-.5V8H12v2a2 2 0 0 1-2 2H8Zm2-12a2 2 0 0 1 2 2v2h-1.5V2a.5.5 0 0 0-.5-.5H8V0h2Z\" \/>\n\t\t\t<\/svg>\n\t\t<\/button><\/figure>\n\n\n\n<figure data-wp-context=\"{&quot;uploadedSrc&quot;:&quot;https:\\\/\\\/www.carbone-architectes.fr\\\/wp-content\\\/uploads\\\/2024\\\/03\\\/ROI-02-PERS-MEZZA.jpg&quot;,&quot;figureClassNames&quot;:&quot;wp-block-image size-full&quot;,&quot;figureStyles&quot;:null,&quot;imgClassNames&quot;:&quot;wp-image-886&quot;,&quot;imgStyles&quot;:null,&quot;targetWidth&quot;:3840,&quot;targetHeight&quot;:2160,&quot;scaleAttr&quot;:false,&quot;ariaLabel&quot;:&quot;Agrandir l\\u2018image&quot;,&quot;alt&quot;:&quot;&quot;}\" data-wp-interactive=\"core\/image\" class=\"wp-block-image size-full wp-lightbox-container\"><img decoding=\"async\" width=\"3840\" height=\"2160\" data-wp-init=\"callbacks.setButtonStyles\" data-wp-on-async--click=\"actions.showLightbox\" data-wp-on-async--load=\"callbacks.setButtonStyles\" data-wp-on-async-window--resize=\"callbacks.setButtonStyles\" src=\"https:\/\/carbone-architectes.fr\/wp-content\/uploads\/2024\/03\/ROI-02-PERS-MEZZA.jpg\" alt=\"\" class=\"wp-image-886\" srcset=\"https:\/\/www.carbone-architectes.fr\/wp-content\/uploads\/2024\/03\/ROI-02-PERS-MEZZA.jpg 3840w, https:\/\/www.carbone-architectes.fr\/wp-content\/uploads\/2024\/03\/ROI-02-PERS-MEZZA-768x432.jpg 768w, https:\/\/www.carbone-architectes.fr\/wp-content\/uploads\/2024\/03\/ROI-02-PERS-MEZZA-1536x864.jpg 1536w, https:\/\/www.carbone-architectes.fr\/wp-content\/uploads\/2024\/03\/ROI-02-PERS-MEZZA-2048x1152.jpg 2048w\" sizes=\"(max-width: 3840px) 100vw, 3840px\" \/><button\n\t\t\tclass=\"lightbox-trigger\"\n\t\t\ttype=\"button\"\n\t\t\taria-haspopup=\"dialog\"\n\t\t\taria-label=\"Agrandir l\u2018image\"\n\t\t\tdata-wp-init=\"callbacks.initTriggerButton\"\n\t\t\tdata-wp-on-async--click=\"actions.showLightbox\"\n\t\t\tdata-wp-style--right=\"context.imageButtonRight\"\n\t\t\tdata-wp-style--top=\"context.imageButtonTop\"\n\t\t>\n\t\t\t<svg xmlns=\"http:\/\/www.w3.org\/2000\/svg\" width=\"12\" height=\"12\" fill=\"none\" viewBox=\"0 0 12 12\">\n\t\t\t\t<path fill=\"#fff\" d=\"M2 0a2 2 0 0 0-2 2v2h1.5V2a.5.5 0 0 1 .5-.5h2V0H2Zm2 10.5H2a.5.5 0 0 1-.5-.5V8H0v2a2 2 0 0 0 2 2h2v-1.5ZM8 12v-1.5h2a.5.5 0 0 0 .5-.5V8H12v2a2 2 0 0 1-2 2H8Zm2-12a2 2 0 0 1 2 2v2h-1.5V2a.5.5 0 0 0-.5-.5H8V0h2Z\" \/>\n\t\t\t<\/svg>\n\t\t<\/button><\/figure>\n\n\n\n<figure data-wp-context=\"{&quot;uploadedSrc&quot;:&quot;https:\\\/\\\/www.carbone-architectes.fr\\\/wp-content\\\/uploads\\\/2024\\\/03\\\/ROI-03-PERS-HALLE.jpg&quot;,&quot;figureClassNames&quot;:&quot;wp-block-image size-full&quot;,&quot;figureStyles&quot;:null,&quot;imgClassNames&quot;:&quot;wp-image-887&quot;,&quot;imgStyles&quot;:null,&quot;targetWidth&quot;:3840,&quot;targetHeight&quot;:2160,&quot;scaleAttr&quot;:false,&quot;ariaLabel&quot;:&quot;Agrandir l\\u2018image&quot;,&quot;alt&quot;:&quot;&quot;}\" data-wp-interactive=\"core\/image\" class=\"wp-block-image size-full wp-lightbox-container\"><img decoding=\"async\" width=\"3840\" height=\"2160\" data-wp-init=\"callbacks.setButtonStyles\" data-wp-on-async--click=\"actions.showLightbox\" data-wp-on-async--load=\"callbacks.setButtonStyles\" data-wp-on-async-window--resize=\"callbacks.setButtonStyles\" src=\"https:\/\/carbone-architectes.fr\/wp-content\/uploads\/2024\/03\/ROI-03-PERS-HALLE.jpg\" alt=\"\" class=\"wp-image-887\" srcset=\"https:\/\/www.carbone-architectes.fr\/wp-content\/uploads\/2024\/03\/ROI-03-PERS-HALLE.jpg 3840w, https:\/\/www.carbone-architectes.fr\/wp-content\/uploads\/2024\/03\/ROI-03-PERS-HALLE-768x432.jpg 768w, https:\/\/www.carbone-architectes.fr\/wp-content\/uploads\/2024\/03\/ROI-03-PERS-HALLE-1536x864.jpg 1536w, https:\/\/www.carbone-architectes.fr\/wp-content\/uploads\/2024\/03\/ROI-03-PERS-HALLE-2048x1152.jpg 2048w\" sizes=\"(max-width: 3840px) 100vw, 3840px\" \/><button\n\t\t\tclass=\"lightbox-trigger\"\n\t\t\ttype=\"button\"\n\t\t\taria-haspopup=\"dialog\"\n\t\t\taria-label=\"Agrandir l\u2018image\"\n\t\t\tdata-wp-init=\"callbacks.initTriggerButton\"\n\t\t\tdata-wp-on-async--click=\"actions.showLightbox\"\n\t\t\tdata-wp-style--right=\"context.imageButtonRight\"\n\t\t\tdata-wp-style--top=\"context.imageButtonTop\"\n\t\t>\n\t\t\t<svg xmlns=\"http:\/\/www.w3.org\/2000\/svg\" width=\"12\" height=\"12\" fill=\"none\" viewBox=\"0 0 12 12\">\n\t\t\t\t<path fill=\"#fff\" d=\"M2 0a2 2 0 0 0-2 2v2h1.5V2a.5.5 0 0 1 .5-.5h2V0H2Zm2 10.5H2a.5.5 0 0 1-.5-.5V8H0v2a2 2 0 0 0 2 2h2v-1.5ZM8 12v-1.5h2a.5.5 0 0 0 .5-.5V8H12v2a2 2 0 0 1-2 2H8Zm2-12a2 2 0 0 1 2 2v2h-1.5V2a.5.5 0 0 0-.5-.5H8V0h2Z\" \/>\n\t\t\t<\/svg>\n\t\t<\/button><\/figure>\n\n\n\n<figure data-wp-context=\"{&quot;uploadedSrc&quot;:&quot;https:\\\/\\\/www.carbone-architectes.fr\\\/wp-content\\\/uploads\\\/2024\\\/03\\\/ROI-04-facade-Sud.jpg&quot;,&quot;figureClassNames&quot;:&quot;wp-block-image size-full&quot;,&quot;figureStyles&quot;:null,&quot;imgClassNames&quot;:&quot;wp-image-888&quot;,&quot;imgStyles&quot;:null,&quot;targetWidth&quot;:3424,&quot;targetHeight&quot;:2160,&quot;scaleAttr&quot;:false,&quot;ariaLabel&quot;:&quot;Agrandir l\\u2018image&quot;,&quot;alt&quot;:&quot;&quot;}\" data-wp-interactive=\"core\/image\" class=\"wp-block-image size-full wp-lightbox-container\"><img decoding=\"async\" width=\"3424\" height=\"2160\" data-wp-init=\"callbacks.setButtonStyles\" data-wp-on-async--click=\"actions.showLightbox\" data-wp-on-async--load=\"callbacks.setButtonStyles\" data-wp-on-async-window--resize=\"callbacks.setButtonStyles\" src=\"https:\/\/carbone-architectes.fr\/wp-content\/uploads\/2024\/03\/ROI-04-facade-Sud.jpg\" alt=\"\" class=\"wp-image-888\" srcset=\"https:\/\/www.carbone-architectes.fr\/wp-content\/uploads\/2024\/03\/ROI-04-facade-Sud.jpg 3424w, https:\/\/www.carbone-architectes.fr\/wp-content\/uploads\/2024\/03\/ROI-04-facade-Sud-768x484.jpg 768w, https:\/\/www.carbone-architectes.fr\/wp-content\/uploads\/2024\/03\/ROI-04-facade-Sud-1536x969.jpg 1536w, https:\/\/www.carbone-architectes.fr\/wp-content\/uploads\/2024\/03\/ROI-04-facade-Sud-2048x1292.jpg 2048w\" sizes=\"(max-width: 3424px) 100vw, 3424px\" \/><button\n\t\t\tclass=\"lightbox-trigger\"\n\t\t\ttype=\"button\"\n\t\t\taria-haspopup=\"dialog\"\n\t\t\taria-label=\"Agrandir l\u2018image\"\n\t\t\tdata-wp-init=\"callbacks.initTriggerButton\"\n\t\t\tdata-wp-on-async--click=\"actions.showLightbox\"\n\t\t\tdata-wp-style--right=\"context.imageButtonRight\"\n\t\t\tdata-wp-style--top=\"context.imageButtonTop\"\n\t\t>\n\t\t\t<svg xmlns=\"http:\/\/www.w3.org\/2000\/svg\" width=\"12\" height=\"12\" fill=\"none\" viewBox=\"0 0 12 12\">\n\t\t\t\t<path fill=\"#fff\" d=\"M2 0a2 2 0 0 0-2 2v2h1.5V2a.5.5 0 0 1 .5-.5h2V0H2Zm2 10.5H2a.5.5 0 0 1-.5-.5V8H0v2a2 2 0 0 0 2 2h2v-1.5ZM8 12v-1.5h2a.5.5 0 0 0 .5-.5V8H12v2a2 2 0 0 1-2 2H8Zm2-12a2 2 0 0 1 2 2v2h-1.5V2a.5.5 0 0 0-.5-.5H8V0h2Z\" \/>\n\t\t\t<\/svg>\n\t\t<\/button><\/figure>\n\n\n\n<figure data-wp-context=\"{&quot;uploadedSrc&quot;:&quot;https:\\\/\\\/www.carbone-architectes.fr\\\/wp-content\\\/uploads\\\/2024\\\/03\\\/ROI-07-coupe-transversalle.jpg&quot;,&quot;figureClassNames&quot;:&quot;wp-block-image size-full&quot;,&quot;figureStyles&quot;:null,&quot;imgClassNames&quot;:&quot;wp-image-891&quot;,&quot;imgStyles&quot;:null,&quot;targetWidth&quot;:3056,&quot;targetHeight&quot;:2160,&quot;scaleAttr&quot;:false,&quot;ariaLabel&quot;:&quot;Agrandir l\\u2018image&quot;,&quot;alt&quot;:&quot;&quot;}\" data-wp-interactive=\"core\/image\" class=\"wp-block-image size-full wp-lightbox-container\"><img decoding=\"async\" width=\"3056\" height=\"2160\" data-wp-init=\"callbacks.setButtonStyles\" data-wp-on-async--click=\"actions.showLightbox\" data-wp-on-async--load=\"callbacks.setButtonStyles\" data-wp-on-async-window--resize=\"callbacks.setButtonStyles\" src=\"https:\/\/carbone-architectes.fr\/wp-content\/uploads\/2024\/03\/ROI-07-coupe-transversalle.jpg\" alt=\"\" class=\"wp-image-891\" srcset=\"https:\/\/www.carbone-architectes.fr\/wp-content\/uploads\/2024\/03\/ROI-07-coupe-transversalle.jpg 3056w, https:\/\/www.carbone-architectes.fr\/wp-content\/uploads\/2024\/03\/ROI-07-coupe-transversalle-2037x1440.jpg 2037w, https:\/\/www.carbone-architectes.fr\/wp-content\/uploads\/2024\/03\/ROI-07-coupe-transversalle-768x543.jpg 768w, https:\/\/www.carbone-architectes.fr\/wp-content\/uploads\/2024\/03\/ROI-07-coupe-transversalle-1536x1086.jpg 1536w, https:\/\/www.carbone-architectes.fr\/wp-content\/uploads\/2024\/03\/ROI-07-coupe-transversalle-2048x1448.jpg 2048w\" sizes=\"(max-width: 3056px) 100vw, 3056px\" \/><button\n\t\t\tclass=\"lightbox-trigger\"\n\t\t\ttype=\"button\"\n\t\t\taria-haspopup=\"dialog\"\n\t\t\taria-label=\"Agrandir l\u2018image\"\n\t\t\tdata-wp-init=\"callbacks.initTriggerButton\"\n\t\t\tdata-wp-on-async--click=\"actions.showLightbox\"\n\t\t\tdata-wp-style--right=\"context.imageButtonRight\"\n\t\t\tdata-wp-style--top=\"context.imageButtonTop\"\n\t\t>\n\t\t\t<svg xmlns=\"http:\/\/www.w3.org\/2000\/svg\" width=\"12\" height=\"12\" fill=\"none\" viewBox=\"0 0 12 12\">\n\t\t\t\t<path fill=\"#fff\" d=\"M2 0a2 2 0 0 0-2 2v2h1.5V2a.5.5 0 0 1 .5-.5h2V0H2Zm2 10.5H2a.5.5 0 0 1-.5-.5V8H0v2a2 2 0 0 0 2 2h2v-1.5ZM8 12v-1.5h2a.5.5 0 0 0 .5-.5V8H12v2a2 2 0 0 1-2 2H8Zm2-12a2 2 0 0 1 2 2v2h-1.5V2a.5.5 0 0 0-.5-.5H8V0h2Z\" \/>\n\t\t\t<\/svg>\n\t\t<\/button><\/figure>\n\n\n\n<figure data-wp-context=\"{&quot;uploadedSrc&quot;:&quot;https:\\\/\\\/www.carbone-architectes.fr\\\/wp-content\\\/uploads\\\/2024\\\/03\\\/ROI-06-coupe-longitudinale.jpg&quot;,&quot;figureClassNames&quot;:&quot;wp-block-image size-full&quot;,&quot;figureStyles&quot;:null,&quot;imgClassNames&quot;:&quot;wp-image-890&quot;,&quot;imgStyles&quot;:null,&quot;targetWidth&quot;:3840,&quot;targetHeight&quot;:967,&quot;scaleAttr&quot;:false,&quot;ariaLabel&quot;:&quot;Agrandir l\\u2018image&quot;,&quot;alt&quot;:&quot;&quot;}\" data-wp-interactive=\"core\/image\" class=\"wp-block-image size-full wp-lightbox-container\"><img decoding=\"async\" width=\"3840\" height=\"967\" data-wp-init=\"callbacks.setButtonStyles\" data-wp-on-async--click=\"actions.showLightbox\" data-wp-on-async--load=\"callbacks.setButtonStyles\" data-wp-on-async-window--resize=\"callbacks.setButtonStyles\" src=\"https:\/\/carbone-architectes.fr\/wp-content\/uploads\/2024\/03\/ROI-06-coupe-longitudinale.jpg\" alt=\"\" class=\"wp-image-890\" srcset=\"https:\/\/www.carbone-architectes.fr\/wp-content\/uploads\/2024\/03\/ROI-06-coupe-longitudinale.jpg 3840w, https:\/\/www.carbone-architectes.fr\/wp-content\/uploads\/2024\/03\/ROI-06-coupe-longitudinale-768x193.jpg 768w, https:\/\/www.carbone-architectes.fr\/wp-content\/uploads\/2024\/03\/ROI-06-coupe-longitudinale-1536x387.jpg 1536w, https:\/\/www.carbone-architectes.fr\/wp-content\/uploads\/2024\/03\/ROI-06-coupe-longitudinale-2048x516.jpg 2048w\" sizes=\"(max-width: 3840px) 100vw, 3840px\" \/><button\n\t\t\tclass=\"lightbox-trigger\"\n\t\t\ttype=\"button\"\n\t\t\taria-haspopup=\"dialog\"\n\t\t\taria-label=\"Agrandir l\u2018image\"\n\t\t\tdata-wp-init=\"callbacks.initTriggerButton\"\n\t\t\tdata-wp-on-async--click=\"actions.showLightbox\"\n\t\t\tdata-wp-style--right=\"context.imageButtonRight\"\n\t\t\tdata-wp-style--top=\"context.imageButtonTop\"\n\t\t>\n\t\t\t<svg xmlns=\"http:\/\/www.w3.org\/2000\/svg\" width=\"12\" height=\"12\" fill=\"none\" viewBox=\"0 0 12 12\">\n\t\t\t\t<path fill=\"#fff\" d=\"M2 0a2 2 0 0 0-2 2v2h1.5V2a.5.5 0 0 1 .5-.5h2V0H2Zm2 10.5H2a.5.5 0 0 1-.5-.5V8H0v2a2 2 0 0 0 2 2h2v-1.5ZM8 12v-1.5h2a.5.5 0 0 0 .5-.5V8H12v2a2 2 0 0 1-2 2H8Zm2-12a2 2 0 0 1 2 2v2h-1.5V2a.5.5 0 0 0-.5-.5H8V0h2Z\" \/>\n\t\t\t<\/svg>\n\t\t<\/button><\/figure>\n\n\n\n<figure data-wp-context=\"{&quot;uploadedSrc&quot;:&quot;https:\\\/\\\/www.carbone-architectes.fr\\\/wp-content\\\/uploads\\\/2024\\\/03\\\/ROI-05-facade-Nord.jpg&quot;,&quot;figureClassNames&quot;:&quot;wp-block-image size-full&quot;,&quot;figureStyles&quot;:null,&quot;imgClassNames&quot;:&quot;wp-image-889&quot;,&quot;imgStyles&quot;:null,&quot;targetWidth&quot;:3441,&quot;targetHeight&quot;:2160,&quot;scaleAttr&quot;:false,&quot;ariaLabel&quot;:&quot;Agrandir l\\u2018image&quot;,&quot;alt&quot;:&quot;&quot;}\" data-wp-interactive=\"core\/image\" class=\"wp-block-image size-full wp-lightbox-container\"><img decoding=\"async\" width=\"3441\" height=\"2160\" data-wp-init=\"callbacks.setButtonStyles\" data-wp-on-async--click=\"actions.showLightbox\" data-wp-on-async--load=\"callbacks.setButtonStyles\" data-wp-on-async-window--resize=\"callbacks.setButtonStyles\" src=\"https:\/\/carbone-architectes.fr\/wp-content\/uploads\/2024\/03\/ROI-05-facade-Nord.jpg\" alt=\"\" class=\"wp-image-889\" srcset=\"https:\/\/www.carbone-architectes.fr\/wp-content\/uploads\/2024\/03\/ROI-05-facade-Nord.jpg 3441w, https:\/\/www.carbone-architectes.fr\/wp-content\/uploads\/2024\/03\/ROI-05-facade-Nord-768x482.jpg 768w, https:\/\/www.carbone-architectes.fr\/wp-content\/uploads\/2024\/03\/ROI-05-facade-Nord-1536x964.jpg 1536w, https:\/\/www.carbone-architectes.fr\/wp-content\/uploads\/2024\/03\/ROI-05-facade-Nord-2048x1286.jpg 2048w\" sizes=\"(max-width: 3441px) 100vw, 3441px\" \/><button\n\t\t\tclass=\"lightbox-trigger\"\n\t\t\ttype=\"button\"\n\t\t\taria-haspopup=\"dialog\"\n\t\t\taria-label=\"Agrandir l\u2018image\"\n\t\t\tdata-wp-init=\"callbacks.initTriggerButton\"\n\t\t\tdata-wp-on-async--click=\"actions.showLightbox\"\n\t\t\tdata-wp-style--right=\"context.imageButtonRight\"\n\t\t\tdata-wp-style--top=\"context.imageButtonTop\"\n\t\t>\n\t\t\t<svg xmlns=\"http:\/\/www.w3.org\/2000\/svg\" width=\"12\" height=\"12\" fill=\"none\" viewBox=\"0 0 12 12\">\n\t\t\t\t<path fill=\"#fff\" d=\"M2 0a2 2 0 0 0-2 2v2h1.5V2a.5.5 0 0 1 .5-.5h2V0H2Zm2 10.5H2a.5.5 0 0 1-.5-.5V8H0v2a2 2 0 0 0 2 2h2v-1.5ZM8 12v-1.5h2a.5.5 0 0 0 .5-.5V8H12v2a2 2 0 0 1-2 2H8Zm2-12a2 2 0 0 1 2 2v2h-1.5V2a.5.5 0 0 0-.5-.5H8V0h2Z\" \/>\n\t\t\t<\/svg>\n\t\t<\/button><\/figure>\n<\/figure>\n<\/div>\n\n\n\n<div class=\"wp-block-uagb-container uagb-block-2c502ee3\">\n<figure class=\"wp-block-image size-full\"><img decoding=\"async\" width=\"2052\" height=\"1474\" src=\"https:\/\/carbone-architectes.fr\/wp-content\/uploads\/2024\/03\/ROI-00-plan-masse.jpg\" alt=\"\" class=\"wp-image-884\" srcset=\"https:\/\/www.carbone-architectes.fr\/wp-content\/uploads\/2024\/03\/ROI-00-plan-masse.jpg 2052w, https:\/\/www.carbone-architectes.fr\/wp-content\/uploads\/2024\/03\/ROI-00-plan-masse-2005x1440.jpg 2005w, https:\/\/www.carbone-architectes.fr\/wp-content\/uploads\/2024\/03\/ROI-00-plan-masse-768x552.jpg 768w, https:\/\/www.carbone-architectes.fr\/wp-content\/uploads\/2024\/03\/ROI-00-plan-masse-1536x1103.jpg 1536w, https:\/\/www.carbone-architectes.fr\/wp-content\/uploads\/2024\/03\/ROI-00-plan-masse-2048x1471.jpg 2048w\" sizes=\"(max-width: 2052px) 100vw, 2052px\" \/><\/figure>\n\n\n\n<div class=\"wp-block-uagb-container uagb-block-c4a2a49e\">\n<h1 class=\"wp-block-heading\">Villeneuve-le-Roi (94)<\/h1>\n\n\n\n<p>Halle de March\u00e9 de la Faisanderie<\/p>\n\n\n\n<h2 class=\"wp-block-heading\">Ma\u00eetrise d&rsquo;ouvrage :<\/h2>\n\n\n\n<p>Ville de Villeneuve le Roi<\/p>\n\n\n\n<h2 class=\"wp-block-heading\">Ma\u00eetrise d&rsquo;\u0153uvre&nbsp;:<\/h2>\n\n\n\n<p>K architectures (mandataire) &amp; Carbone \u2022 SIBAT \u2022 ALTIA \u2022 AIA \u2022 E.Brossard paysagiste \u2022<\/p>\n\n\n\n<p>Surface : 2126 m2 + 57O4 m2<\/p>\n\n\n\n<p>Co\u00fbt : 12,3 M\u20ac<\/p>\n\n\n\n<h2 class=\"wp-block-heading\">Construction bois<\/h2>\n<\/div>\n<\/div>\n<\/div>\n","protected":false},"excerpt":{"rendered":"<p>Villeneuve-le-Roi (94) Halle de March\u00e9 de la Faisanderie Ma\u00eetrise d&rsquo;ouvrage : Ville de Villeneuve le Roi Ma\u00eetrise d&rsquo;\u0153uvre&nbsp;: K architectures (mandataire) &amp; Carbone \u2022 SIBAT \u2022 ALTIA \u2022 AIA \u2022 E.Brossard paysagiste \u2022 Surface : 2126 m2 + 57O4 m2 Co\u00fbt : 12,3 M\u20ac Construction bois<\/p>\n","protected":false},"author":1,"featured_media":0,"parent":0,"menu_order":0,"comment_status":"closed","ping_status":"closed","template":"","meta":{"_uag_custom_page_level_css":"","_swt_meta_header_display":false,"_swt_meta_footer_display":false,"_swt_meta_site_title_display":true,"_swt_meta_sticky_header":true,"_swt_meta_transparent_header":false,"footnotes":""},"class_list":["post-277","page","type-page","status-publish","hentry"],"uagb_featured_image_src":{"full":false,"thumbnail":false,"medium":false,"medium_large":false,"large":false,"1536x1536":false,"2048x2048":false},"uagb_author_info":{"display_name":"SF","author_link":"https:\/\/www.carbone-architectes.fr\/index.php\/author\/sebastien-fiore\/"},"uagb_comment_info":0,"uagb_excerpt":"Villeneuve-le-Roi (94) Halle de March\u00e9 de la Faisanderie Ma\u00eetrise d&rsquo;ouvrage : Ville de Villeneuve le Roi Ma\u00eetrise d&rsquo;\u0153uvre&nbsp;: K architectures (mandataire) &amp; Carbone \u2022 SIBAT \u2022 ALTIA \u2022 AIA \u2022 E.Brossard paysagiste \u2022 Surface : 2126 m2 + 57O4 m2 Co\u00fbt : 12,3 M\u20ac Construction bois","_links":{"self":[{"href":"https:\/\/www.carbone-architectes.fr\/index.php\/wp-json\/wp\/v2\/pages\/277"}],"collection":[{"href":"https:\/\/www.carbone-architectes.fr\/index.php\/wp-json\/wp\/v2\/pages"}],"about":[{"href":"https:\/\/www.carbone-architectes.fr\/index.php\/wp-json\/wp\/v2\/types\/page"}],"author":[{"embeddable":true,"href":"https:\/\/www.carbone-architectes.fr\/index.php\/wp-json\/wp\/v2\/users\/1"}],"replies":[{"embeddable":true,"href":"https:\/\/www.carbone-architectes.fr\/index.php\/wp-json\/wp\/v2\/comments?post=277"}],"version-history":[{"count":1,"href":"https:\/\/www.carbone-architectes.fr\/index.php\/wp-json\/wp\/v2\/pages\/277\/revisions"}],"predecessor-version":[{"id":1447,"href":"https:\/\/www.carbone-architectes.fr\/index.php\/wp-json\/wp\/v2\/pages\/277\/revisions\/1447"}],"wp:attachment":[{"href":"https:\/\/www.carbone-architectes.fr\/index.php\/wp-json\/wp\/v2\/media?parent=277"}],"curies":[{"name":"wp","href":"https:\/\/api.w.org\/{rel}","templated":true}]}}