{"id":293,"date":"2024-02-15T12:29:17","date_gmt":"2024-02-15T11:29:17","guid":{"rendered":"https:\/\/carbone-architectes.fr\/?page_id=293"},"modified":"2024-03-14T18:31:15","modified_gmt":"2024-03-14T17:31:15","slug":"ramb","status":"publish","type":"page","link":"https:\/\/www.carbone-architectes.fr\/index.php\/ramb\/","title":{"rendered":"RAMB"},"content":{"rendered":"\n<div class=\"wp-block-uagb-container uagb-block-d4d7f2ad alignfull uagb-is-root-container\">\n<div class=\"wp-block-uagb-container uagb-block-a0dbdbe5\">\n<figure class=\"wp-block-gallery has-nested-images columns-1 is-cropped wp-block-gallery-1 is-layout-flex wp-block-gallery-is-layout-flex\">\n<figure data-wp-context=\"{&quot;uploadedSrc&quot;:&quot;https:\\\/\\\/www.carbone-architectes.fr\\\/wp-content\\\/uploads\\\/2024\\\/03\\\/RAMBOUILLET-04-image3.jpg&quot;,&quot;figureClassNames&quot;:&quot;wp-block-image size-full&quot;,&quot;figureStyles&quot;:null,&quot;imgClassNames&quot;:&quot;wp-image-923&quot;,&quot;imgStyles&quot;:null,&quot;targetWidth&quot;:3840,&quot;targetHeight&quot;:1920,&quot;scaleAttr&quot;:false,&quot;ariaLabel&quot;:&quot;Agrandir l\\u2018image&quot;,&quot;alt&quot;:&quot;&quot;}\" data-wp-interactive=\"core\/image\" class=\"wp-block-image size-full wp-lightbox-container\"><img decoding=\"async\" width=\"3840\" height=\"1920\" data-wp-init=\"callbacks.setButtonStyles\" data-wp-on-async--click=\"actions.showLightbox\" data-wp-on-async--load=\"callbacks.setButtonStyles\" data-wp-on-async-window--resize=\"callbacks.setButtonStyles\" src=\"https:\/\/carbone-architectes.fr\/wp-content\/uploads\/2024\/03\/RAMBOUILLET-04-image3.jpg\" alt=\"\" class=\"wp-image-923\" srcset=\"https:\/\/www.carbone-architectes.fr\/wp-content\/uploads\/2024\/03\/RAMBOUILLET-04-image3.jpg 3840w, https:\/\/www.carbone-architectes.fr\/wp-content\/uploads\/2024\/03\/RAMBOUILLET-04-image3-768x384.jpg 768w, https:\/\/www.carbone-architectes.fr\/wp-content\/uploads\/2024\/03\/RAMBOUILLET-04-image3-1536x768.jpg 1536w, https:\/\/www.carbone-architectes.fr\/wp-content\/uploads\/2024\/03\/RAMBOUILLET-04-image3-2048x1024.jpg 2048w\" sizes=\"(max-width: 3840px) 100vw, 3840px\" \/><button\n\t\t\tclass=\"lightbox-trigger\"\n\t\t\ttype=\"button\"\n\t\t\taria-haspopup=\"dialog\"\n\t\t\taria-label=\"Agrandir l\u2018image\"\n\t\t\tdata-wp-init=\"callbacks.initTriggerButton\"\n\t\t\tdata-wp-on-async--click=\"actions.showLightbox\"\n\t\t\tdata-wp-style--right=\"context.imageButtonRight\"\n\t\t\tdata-wp-style--top=\"context.imageButtonTop\"\n\t\t>\n\t\t\t<svg xmlns=\"http:\/\/www.w3.org\/2000\/svg\" width=\"12\" height=\"12\" fill=\"none\" viewBox=\"0 0 12 12\">\n\t\t\t\t<path fill=\"#fff\" d=\"M2 0a2 2 0 0 0-2 2v2h1.5V2a.5.5 0 0 1 .5-.5h2V0H2Zm2 10.5H2a.5.5 0 0 1-.5-.5V8H0v2a2 2 0 0 0 2 2h2v-1.5ZM8 12v-1.5h2a.5.5 0 0 0 .5-.5V8H12v2a2 2 0 0 1-2 2H8Zm2-12a2 2 0 0 1 2 2v2h-1.5V2a.5.5 0 0 0-.5-.5H8V0h2Z\" \/>\n\t\t\t<\/svg>\n\t\t<\/button><\/figure>\n\n\n\n<figure data-wp-context=\"{&quot;uploadedSrc&quot;:&quot;https:\\\/\\\/www.carbone-architectes.fr\\\/wp-content\\\/uploads\\\/2024\\\/03\\\/RAMBOUILLET-03-image2.jpg&quot;,&quot;figureClassNames&quot;:&quot;wp-block-image size-full&quot;,&quot;figureStyles&quot;:null,&quot;imgClassNames&quot;:&quot;wp-image-922&quot;,&quot;imgStyles&quot;:null,&quot;targetWidth&quot;:3840,&quot;targetHeight&quot;:1920,&quot;scaleAttr&quot;:false,&quot;ariaLabel&quot;:&quot;Agrandir l\\u2018image&quot;,&quot;alt&quot;:&quot;&quot;}\" data-wp-interactive=\"core\/image\" class=\"wp-block-image size-full wp-lightbox-container\"><img decoding=\"async\" width=\"3840\" height=\"1920\" data-wp-init=\"callbacks.setButtonStyles\" data-wp-on-async--click=\"actions.showLightbox\" data-wp-on-async--load=\"callbacks.setButtonStyles\" data-wp-on-async-window--resize=\"callbacks.setButtonStyles\" src=\"https:\/\/carbone-architectes.fr\/wp-content\/uploads\/2024\/03\/RAMBOUILLET-03-image2.jpg\" alt=\"\" class=\"wp-image-922\" srcset=\"https:\/\/www.carbone-architectes.fr\/wp-content\/uploads\/2024\/03\/RAMBOUILLET-03-image2.jpg 3840w, https:\/\/www.carbone-architectes.fr\/wp-content\/uploads\/2024\/03\/RAMBOUILLET-03-image2-768x384.jpg 768w, https:\/\/www.carbone-architectes.fr\/wp-content\/uploads\/2024\/03\/RAMBOUILLET-03-image2-1536x768.jpg 1536w, https:\/\/www.carbone-architectes.fr\/wp-content\/uploads\/2024\/03\/RAMBOUILLET-03-image2-2048x1024.jpg 2048w\" sizes=\"(max-width: 3840px) 100vw, 3840px\" \/><button\n\t\t\tclass=\"lightbox-trigger\"\n\t\t\ttype=\"button\"\n\t\t\taria-haspopup=\"dialog\"\n\t\t\taria-label=\"Agrandir l\u2018image\"\n\t\t\tdata-wp-init=\"callbacks.initTriggerButton\"\n\t\t\tdata-wp-on-async--click=\"actions.showLightbox\"\n\t\t\tdata-wp-style--right=\"context.imageButtonRight\"\n\t\t\tdata-wp-style--top=\"context.imageButtonTop\"\n\t\t>\n\t\t\t<svg xmlns=\"http:\/\/www.w3.org\/2000\/svg\" width=\"12\" height=\"12\" fill=\"none\" viewBox=\"0 0 12 12\">\n\t\t\t\t<path fill=\"#fff\" d=\"M2 0a2 2 0 0 0-2 2v2h1.5V2a.5.5 0 0 1 .5-.5h2V0H2Zm2 10.5H2a.5.5 0 0 1-.5-.5V8H0v2a2 2 0 0 0 2 2h2v-1.5ZM8 12v-1.5h2a.5.5 0 0 0 .5-.5V8H12v2a2 2 0 0 1-2 2H8Zm2-12a2 2 0 0 1 2 2v2h-1.5V2a.5.5 0 0 0-.5-.5H8V0h2Z\" \/>\n\t\t\t<\/svg>\n\t\t<\/button><\/figure>\n\n\n\n<figure data-wp-context=\"{&quot;uploadedSrc&quot;:&quot;https:\\\/\\\/www.carbone-architectes.fr\\\/wp-content\\\/uploads\\\/2024\\\/03\\\/RAMBOUILLET-02-image1.jpg&quot;,&quot;figureClassNames&quot;:&quot;wp-block-image size-full&quot;,&quot;figureStyles&quot;:null,&quot;imgClassNames&quot;:&quot;wp-image-921&quot;,&quot;imgStyles&quot;:null,&quot;targetWidth&quot;:3840,&quot;targetHeight&quot;:1920,&quot;scaleAttr&quot;:false,&quot;ariaLabel&quot;:&quot;Agrandir l\\u2018image&quot;,&quot;alt&quot;:&quot;&quot;}\" data-wp-interactive=\"core\/image\" class=\"wp-block-image size-full wp-lightbox-container\"><img decoding=\"async\" width=\"3840\" height=\"1920\" data-wp-init=\"callbacks.setButtonStyles\" data-wp-on-async--click=\"actions.showLightbox\" data-wp-on-async--load=\"callbacks.setButtonStyles\" data-wp-on-async-window--resize=\"callbacks.setButtonStyles\" src=\"https:\/\/carbone-architectes.fr\/wp-content\/uploads\/2024\/03\/RAMBOUILLET-02-image1.jpg\" alt=\"\" class=\"wp-image-921\" srcset=\"https:\/\/www.carbone-architectes.fr\/wp-content\/uploads\/2024\/03\/RAMBOUILLET-02-image1.jpg 3840w, https:\/\/www.carbone-architectes.fr\/wp-content\/uploads\/2024\/03\/RAMBOUILLET-02-image1-768x384.jpg 768w, https:\/\/www.carbone-architectes.fr\/wp-content\/uploads\/2024\/03\/RAMBOUILLET-02-image1-1536x768.jpg 1536w, https:\/\/www.carbone-architectes.fr\/wp-content\/uploads\/2024\/03\/RAMBOUILLET-02-image1-2048x1024.jpg 2048w\" sizes=\"(max-width: 3840px) 100vw, 3840px\" \/><button\n\t\t\tclass=\"lightbox-trigger\"\n\t\t\ttype=\"button\"\n\t\t\taria-haspopup=\"dialog\"\n\t\t\taria-label=\"Agrandir l\u2018image\"\n\t\t\tdata-wp-init=\"callbacks.initTriggerButton\"\n\t\t\tdata-wp-on-async--click=\"actions.showLightbox\"\n\t\t\tdata-wp-style--right=\"context.imageButtonRight\"\n\t\t\tdata-wp-style--top=\"context.imageButtonTop\"\n\t\t>\n\t\t\t<svg xmlns=\"http:\/\/www.w3.org\/2000\/svg\" width=\"12\" height=\"12\" fill=\"none\" viewBox=\"0 0 12 12\">\n\t\t\t\t<path fill=\"#fff\" d=\"M2 0a2 2 0 0 0-2 2v2h1.5V2a.5.5 0 0 1 .5-.5h2V0H2Zm2 10.5H2a.5.5 0 0 1-.5-.5V8H0v2a2 2 0 0 0 2 2h2v-1.5ZM8 12v-1.5h2a.5.5 0 0 0 .5-.5V8H12v2a2 2 0 0 1-2 2H8Zm2-12a2 2 0 0 1 2 2v2h-1.5V2a.5.5 0 0 0-.5-.5H8V0h2Z\" \/>\n\t\t\t<\/svg>\n\t\t<\/button><\/figure>\n\n\n\n<figure data-wp-context=\"{&quot;uploadedSrc&quot;:&quot;https:\\\/\\\/www.carbone-architectes.fr\\\/wp-content\\\/uploads\\\/2024\\\/03\\\/RAMBOUILLET-05-image4.jpg&quot;,&quot;figureClassNames&quot;:&quot;wp-block-image size-full&quot;,&quot;figureStyles&quot;:null,&quot;imgClassNames&quot;:&quot;wp-image-924&quot;,&quot;imgStyles&quot;:null,&quot;targetWidth&quot;:3840,&quot;targetHeight&quot;:1920,&quot;scaleAttr&quot;:false,&quot;ariaLabel&quot;:&quot;Agrandir l\\u2018image&quot;,&quot;alt&quot;:&quot;&quot;}\" data-wp-interactive=\"core\/image\" class=\"wp-block-image size-full wp-lightbox-container\"><img decoding=\"async\" width=\"3840\" height=\"1920\" data-wp-init=\"callbacks.setButtonStyles\" data-wp-on-async--click=\"actions.showLightbox\" data-wp-on-async--load=\"callbacks.setButtonStyles\" data-wp-on-async-window--resize=\"callbacks.setButtonStyles\" src=\"https:\/\/carbone-architectes.fr\/wp-content\/uploads\/2024\/03\/RAMBOUILLET-05-image4.jpg\" alt=\"\" class=\"wp-image-924\" srcset=\"https:\/\/www.carbone-architectes.fr\/wp-content\/uploads\/2024\/03\/RAMBOUILLET-05-image4.jpg 3840w, https:\/\/www.carbone-architectes.fr\/wp-content\/uploads\/2024\/03\/RAMBOUILLET-05-image4-768x384.jpg 768w, https:\/\/www.carbone-architectes.fr\/wp-content\/uploads\/2024\/03\/RAMBOUILLET-05-image4-1536x768.jpg 1536w, https:\/\/www.carbone-architectes.fr\/wp-content\/uploads\/2024\/03\/RAMBOUILLET-05-image4-2048x1024.jpg 2048w\" sizes=\"(max-width: 3840px) 100vw, 3840px\" \/><button\n\t\t\tclass=\"lightbox-trigger\"\n\t\t\ttype=\"button\"\n\t\t\taria-haspopup=\"dialog\"\n\t\t\taria-label=\"Agrandir l\u2018image\"\n\t\t\tdata-wp-init=\"callbacks.initTriggerButton\"\n\t\t\tdata-wp-on-async--click=\"actions.showLightbox\"\n\t\t\tdata-wp-style--right=\"context.imageButtonRight\"\n\t\t\tdata-wp-style--top=\"context.imageButtonTop\"\n\t\t>\n\t\t\t<svg xmlns=\"http:\/\/www.w3.org\/2000\/svg\" width=\"12\" height=\"12\" fill=\"none\" viewBox=\"0 0 12 12\">\n\t\t\t\t<path fill=\"#fff\" d=\"M2 0a2 2 0 0 0-2 2v2h1.5V2a.5.5 0 0 1 .5-.5h2V0H2Zm2 10.5H2a.5.5 0 0 1-.5-.5V8H0v2a2 2 0 0 0 2 2h2v-1.5ZM8 12v-1.5h2a.5.5 0 0 0 .5-.5V8H12v2a2 2 0 0 1-2 2H8Zm2-12a2 2 0 0 1 2 2v2h-1.5V2a.5.5 0 0 0-.5-.5H8V0h2Z\" \/>\n\t\t\t<\/svg>\n\t\t<\/button><\/figure>\n\n\n\n<figure data-wp-context=\"{&quot;uploadedSrc&quot;:&quot;https:\\\/\\\/www.carbone-architectes.fr\\\/wp-content\\\/uploads\\\/2024\\\/03\\\/RAMBOUILLET-06-image5.jpg&quot;,&quot;figureClassNames&quot;:&quot;wp-block-image size-full&quot;,&quot;figureStyles&quot;:null,&quot;imgClassNames&quot;:&quot;wp-image-925&quot;,&quot;imgStyles&quot;:null,&quot;targetWidth&quot;:3840,&quot;targetHeight&quot;:1920,&quot;scaleAttr&quot;:false,&quot;ariaLabel&quot;:&quot;Agrandir l\\u2018image&quot;,&quot;alt&quot;:&quot;&quot;}\" data-wp-interactive=\"core\/image\" class=\"wp-block-image size-full wp-lightbox-container\"><img decoding=\"async\" width=\"3840\" height=\"1920\" data-wp-init=\"callbacks.setButtonStyles\" data-wp-on-async--click=\"actions.showLightbox\" data-wp-on-async--load=\"callbacks.setButtonStyles\" data-wp-on-async-window--resize=\"callbacks.setButtonStyles\" src=\"https:\/\/carbone-architectes.fr\/wp-content\/uploads\/2024\/03\/RAMBOUILLET-06-image5.jpg\" alt=\"\" class=\"wp-image-925\" srcset=\"https:\/\/www.carbone-architectes.fr\/wp-content\/uploads\/2024\/03\/RAMBOUILLET-06-image5.jpg 3840w, https:\/\/www.carbone-architectes.fr\/wp-content\/uploads\/2024\/03\/RAMBOUILLET-06-image5-768x384.jpg 768w, https:\/\/www.carbone-architectes.fr\/wp-content\/uploads\/2024\/03\/RAMBOUILLET-06-image5-1536x768.jpg 1536w, https:\/\/www.carbone-architectes.fr\/wp-content\/uploads\/2024\/03\/RAMBOUILLET-06-image5-2048x1024.jpg 2048w\" sizes=\"(max-width: 3840px) 100vw, 3840px\" \/><button\n\t\t\tclass=\"lightbox-trigger\"\n\t\t\ttype=\"button\"\n\t\t\taria-haspopup=\"dialog\"\n\t\t\taria-label=\"Agrandir l\u2018image\"\n\t\t\tdata-wp-init=\"callbacks.initTriggerButton\"\n\t\t\tdata-wp-on-async--click=\"actions.showLightbox\"\n\t\t\tdata-wp-style--right=\"context.imageButtonRight\"\n\t\t\tdata-wp-style--top=\"context.imageButtonTop\"\n\t\t>\n\t\t\t<svg xmlns=\"http:\/\/www.w3.org\/2000\/svg\" width=\"12\" height=\"12\" fill=\"none\" viewBox=\"0 0 12 12\">\n\t\t\t\t<path fill=\"#fff\" d=\"M2 0a2 2 0 0 0-2 2v2h1.5V2a.5.5 0 0 1 .5-.5h2V0H2Zm2 10.5H2a.5.5 0 0 1-.5-.5V8H0v2a2 2 0 0 0 2 2h2v-1.5ZM8 12v-1.5h2a.5.5 0 0 0 .5-.5V8H12v2a2 2 0 0 1-2 2H8Zm2-12a2 2 0 0 1 2 2v2h-1.5V2a.5.5 0 0 0-.5-.5H8V0h2Z\" \/>\n\t\t\t<\/svg>\n\t\t<\/button><\/figure>\n\n\n\n<figure class=\"wp-block-image size-full\"><img decoding=\"async\" width=\"3840\" height=\"1920\" src=\"https:\/\/carbone-architectes.fr\/wp-content\/uploads\/2024\/03\/RAMBOUILLET-08-JARDIN-copie.jpg\" alt=\"\" class=\"wp-image-1488\"\/><\/figure>\n\n\n\n<figure class=\"wp-block-image size-full\"><img decoding=\"async\" width=\"3757\" height=\"2160\" src=\"https:\/\/carbone-architectes.fr\/wp-content\/uploads\/2024\/03\/RAMBOUILLET-07TERRASSE-copie.jpg\" alt=\"\" class=\"wp-image-1490\" srcset=\"https:\/\/www.carbone-architectes.fr\/wp-content\/uploads\/2024\/03\/RAMBOUILLET-07TERRASSE-copie.jpg 3757w, https:\/\/www.carbone-architectes.fr\/wp-content\/uploads\/2024\/03\/RAMBOUILLET-07TERRASSE-copie-768x442.jpg 768w, https:\/\/www.carbone-architectes.fr\/wp-content\/uploads\/2024\/03\/RAMBOUILLET-07TERRASSE-copie-1536x883.jpg 1536w\" sizes=\"(max-width: 3757px) 100vw, 3757px\" \/><\/figure>\n\n\n\n<figure class=\"wp-block-image size-full\"><img decoding=\"async\" width=\"3840\" height=\"2160\" src=\"https:\/\/carbone-architectes.fr\/wp-content\/uploads\/2024\/03\/RAMBOUILLET-01-SCHEMA_web2.jpg\" alt=\"\" class=\"wp-image-1151\" srcset=\"https:\/\/www.carbone-architectes.fr\/wp-content\/uploads\/2024\/03\/RAMBOUILLET-01-SCHEMA_web2.jpg 3840w, https:\/\/www.carbone-architectes.fr\/wp-content\/uploads\/2024\/03\/RAMBOUILLET-01-SCHEMA_web2-768x432.jpg 768w, https:\/\/www.carbone-architectes.fr\/wp-content\/uploads\/2024\/03\/RAMBOUILLET-01-SCHEMA_web2-1536x864.jpg 1536w, https:\/\/www.carbone-architectes.fr\/wp-content\/uploads\/2024\/03\/RAMBOUILLET-01-SCHEMA_web2-2048x1152.jpg 2048w\" sizes=\"(max-width: 3840px) 100vw, 3840px\" \/><\/figure>\n<\/figure>\n<\/div>\n\n\n\n<div class=\"wp-block-uagb-container uagb-block-2c502ee3\">\n<figure class=\"wp-block-image size-full\"><img decoding=\"async\" width=\"3840\" height=\"2160\" src=\"https:\/\/carbone-architectes.fr\/wp-content\/uploads\/2024\/03\/MASSEtrait.jpg\" alt=\"\" class=\"wp-image-1133\" style=\"object-fit:cover\" srcset=\"https:\/\/www.carbone-architectes.fr\/wp-content\/uploads\/2024\/03\/MASSEtrait.jpg 3840w, https:\/\/www.carbone-architectes.fr\/wp-content\/uploads\/2024\/03\/MASSEtrait-768x432.jpg 768w, https:\/\/www.carbone-architectes.fr\/wp-content\/uploads\/2024\/03\/MASSEtrait-1536x864.jpg 1536w, https:\/\/www.carbone-architectes.fr\/wp-content\/uploads\/2024\/03\/MASSEtrait-2048x1152.jpg 2048w\" sizes=\"(max-width: 3840px) 100vw, 3840px\" \/><\/figure>\n\n\n\n<div class=\"wp-block-uagb-container uagb-block-c4a2a49e\">\n<h1 class=\"wp-block-heading\">Rambouillet (78)<\/h1>\n\n\n\n<p>Restructuration maison<\/p>\n\n\n\n<h2 class=\"wp-block-heading\">Ma\u00eetrise d&rsquo;ouvrage :<\/h2>\n\n\n\n<p>Priv\u00e9e<\/p>\n\n\n\n<h2 class=\"wp-block-heading has-x-small-font-size\">Ma\u00eetrise d&rsquo;\u0153uvre&nbsp;:<\/h2>\n\n\n\n<p>Carbone architectes<\/p>\n\n\n\n<p>Surface : 288 m2<\/p>\n\n\n\n<p>Co\u00fbt : 0,350 M\u20ac<\/p>\n\n\n\n<h2 class=\"wp-block-heading\">Mat\u00e9riaux biosourc\u00e9s (extension) + r\u00e9novation ennerg\u00e9tique<\/h2>\n<\/div>\n<\/div>\n<\/div>\n","protected":false},"excerpt":{"rendered":"<p>Rambouillet (78) Restructuration maison Ma\u00eetrise d&rsquo;ouvrage : Priv\u00e9e Ma\u00eetrise d&rsquo;\u0153uvre&nbsp;: Carbone architectes Surface : 288 m2 Co\u00fbt : 0,350 M\u20ac Mat\u00e9riaux biosourc\u00e9s (extension) + r\u00e9novation ennerg\u00e9tique<\/p>\n","protected":false},"author":1,"featured_media":0,"parent":0,"menu_order":0,"comment_status":"closed","ping_status":"closed","template":"","meta":{"_uag_custom_page_level_css":"","_swt_meta_header_display":false,"_swt_meta_footer_display":false,"_swt_meta_site_title_display":true,"_swt_meta_sticky_header":true,"_swt_meta_transparent_header":false,"footnotes":""},"class_list":["post-293","page","type-page","status-publish","hentry"],"uagb_featured_image_src":{"full":false,"thumbnail":false,"medium":false,"medium_large":false,"large":false,"1536x1536":false,"2048x2048":false},"uagb_author_info":{"display_name":"SF","author_link":"https:\/\/www.carbone-architectes.fr\/index.php\/author\/sebastien-fiore\/"},"uagb_comment_info":0,"uagb_excerpt":"Rambouillet (78) Restructuration maison Ma\u00eetrise d&rsquo;ouvrage : Priv\u00e9e Ma\u00eetrise d&rsquo;\u0153uvre&nbsp;: Carbone architectes Surface : 288 m2 Co\u00fbt : 0,350 M\u20ac Mat\u00e9riaux biosourc\u00e9s (extension) + r\u00e9novation ennerg\u00e9tique","_links":{"self":[{"href":"https:\/\/www.carbone-architectes.fr\/index.php\/wp-json\/wp\/v2\/pages\/293"}],"collection":[{"href":"https:\/\/www.carbone-architectes.fr\/index.php\/wp-json\/wp\/v2\/pages"}],"about":[{"href":"https:\/\/www.carbone-architectes.fr\/index.php\/wp-json\/wp\/v2\/types\/page"}],"author":[{"embeddable":true,"href":"https:\/\/www.carbone-architectes.fr\/index.php\/wp-json\/wp\/v2\/users\/1"}],"replies":[{"embeddable":true,"href":"https:\/\/www.carbone-architectes.fr\/index.php\/wp-json\/wp\/v2\/comments?post=293"}],"version-history":[{"count":4,"href":"https:\/\/www.carbone-architectes.fr\/index.php\/wp-json\/wp\/v2\/pages\/293\/revisions"}],"predecessor-version":[{"id":1491,"href":"https:\/\/www.carbone-architectes.fr\/index.php\/wp-json\/wp\/v2\/pages\/293\/revisions\/1491"}],"wp:attachment":[{"href":"https:\/\/www.carbone-architectes.fr\/index.php\/wp-json\/wp\/v2\/media?parent=293"}],"curies":[{"name":"wp","href":"https:\/\/api.w.org\/{rel}","templated":true}]}}