{"id":480,"date":"2024-02-29T09:58:29","date_gmt":"2024-02-29T08:58:29","guid":{"rendered":"https:\/\/carbone-architectes.fr\/?page_id=480"},"modified":"2024-03-07T16:10:24","modified_gmt":"2024-03-07T15:10:24","slug":"jouy","status":"publish","type":"page","link":"https:\/\/www.carbone-architectes.fr\/index.php\/jouy\/","title":{"rendered":"JOUY"},"content":{"rendered":"\n<div class=\"wp-block-uagb-container uagb-block-d4d7f2ad alignfull uagb-is-root-container\">\n<div class=\"wp-block-uagb-container uagb-block-a0dbdbe5\">\n<figure class=\"wp-block-gallery has-nested-images columns-1 is-cropped has-background wp-block-gallery-1 is-layout-flex wp-block-gallery-is-layout-flex\" style=\"background-color:#ffffff00\">\n<figure data-wp-context=\"{&quot;uploadedSrc&quot;:&quot;https:\\\/\\\/www.carbone-architectes.fr\\\/wp-content\\\/uploads\\\/2024\\\/03\\\/JOUY-01-PERS1.jpg&quot;,&quot;figureClassNames&quot;:&quot;wp-block-image size-full&quot;,&quot;figureStyles&quot;:null,&quot;imgClassNames&quot;:&quot;wp-image-991&quot;,&quot;imgStyles&quot;:null,&quot;targetWidth&quot;:3086,&quot;targetHeight&quot;:2160,&quot;scaleAttr&quot;:false,&quot;ariaLabel&quot;:&quot;Agrandir l\\u2018image&quot;,&quot;alt&quot;:&quot;&quot;}\" data-wp-interactive=\"core\/image\" class=\"wp-block-image size-full wp-lightbox-container\"><img decoding=\"async\" width=\"3086\" height=\"2160\" data-wp-init=\"callbacks.setButtonStyles\" data-wp-on-async--click=\"actions.showLightbox\" data-wp-on-async--load=\"callbacks.setButtonStyles\" data-wp-on-async-window--resize=\"callbacks.setButtonStyles\" src=\"https:\/\/carbone-architectes.fr\/wp-content\/uploads\/2024\/03\/JOUY-01-PERS1.jpg\" alt=\"\" class=\"wp-image-991\" srcset=\"https:\/\/www.carbone-architectes.fr\/wp-content\/uploads\/2024\/03\/JOUY-01-PERS1.jpg 3086w, https:\/\/www.carbone-architectes.fr\/wp-content\/uploads\/2024\/03\/JOUY-01-PERS1-768x538.jpg 768w, https:\/\/www.carbone-architectes.fr\/wp-content\/uploads\/2024\/03\/JOUY-01-PERS1-1536x1075.jpg 1536w, https:\/\/www.carbone-architectes.fr\/wp-content\/uploads\/2024\/03\/JOUY-01-PERS1-2048x1433.jpg 2048w\" sizes=\"(max-width: 3086px) 100vw, 3086px\" \/><button\n\t\t\tclass=\"lightbox-trigger\"\n\t\t\ttype=\"button\"\n\t\t\taria-haspopup=\"dialog\"\n\t\t\taria-label=\"Agrandir l\u2018image\"\n\t\t\tdata-wp-init=\"callbacks.initTriggerButton\"\n\t\t\tdata-wp-on-async--click=\"actions.showLightbox\"\n\t\t\tdata-wp-style--right=\"context.imageButtonRight\"\n\t\t\tdata-wp-style--top=\"context.imageButtonTop\"\n\t\t>\n\t\t\t<svg xmlns=\"http:\/\/www.w3.org\/2000\/svg\" width=\"12\" height=\"12\" fill=\"none\" viewBox=\"0 0 12 12\">\n\t\t\t\t<path fill=\"#fff\" d=\"M2 0a2 2 0 0 0-2 2v2h1.5V2a.5.5 0 0 1 .5-.5h2V0H2Zm2 10.5H2a.5.5 0 0 1-.5-.5V8H0v2a2 2 0 0 0 2 2h2v-1.5ZM8 12v-1.5h2a.5.5 0 0 0 .5-.5V8H12v2a2 2 0 0 1-2 2H8Zm2-12a2 2 0 0 1 2 2v2h-1.5V2a.5.5 0 0 0-.5-.5H8V0h2Z\" \/>\n\t\t\t<\/svg>\n\t\t<\/button><\/figure>\n\n\n\n<figure data-wp-context=\"{&quot;uploadedSrc&quot;:&quot;https:\\\/\\\/www.carbone-architectes.fr\\\/wp-content\\\/uploads\\\/2024\\\/03\\\/JOUY-07-VUE-PREAU-V2.jpg&quot;,&quot;figureClassNames&quot;:&quot;wp-block-image size-full&quot;,&quot;figureStyles&quot;:null,&quot;imgClassNames&quot;:&quot;wp-image-997&quot;,&quot;imgStyles&quot;:null,&quot;targetWidth&quot;:3000,&quot;targetHeight&quot;:1500,&quot;scaleAttr&quot;:false,&quot;ariaLabel&quot;:&quot;Agrandir l\\u2018image&quot;,&quot;alt&quot;:&quot;&quot;}\" data-wp-interactive=\"core\/image\" class=\"wp-block-image size-full wp-lightbox-container\"><img decoding=\"async\" width=\"3000\" height=\"1500\" data-wp-init=\"callbacks.setButtonStyles\" data-wp-on-async--click=\"actions.showLightbox\" data-wp-on-async--load=\"callbacks.setButtonStyles\" data-wp-on-async-window--resize=\"callbacks.setButtonStyles\" src=\"https:\/\/carbone-architectes.fr\/wp-content\/uploads\/2024\/03\/JOUY-07-VUE-PREAU-V2.jpg\" alt=\"\" class=\"wp-image-997\" srcset=\"https:\/\/www.carbone-architectes.fr\/wp-content\/uploads\/2024\/03\/JOUY-07-VUE-PREAU-V2.jpg 3000w, https:\/\/www.carbone-architectes.fr\/wp-content\/uploads\/2024\/03\/JOUY-07-VUE-PREAU-V2-768x384.jpg 768w, https:\/\/www.carbone-architectes.fr\/wp-content\/uploads\/2024\/03\/JOUY-07-VUE-PREAU-V2-1536x768.jpg 1536w, https:\/\/www.carbone-architectes.fr\/wp-content\/uploads\/2024\/03\/JOUY-07-VUE-PREAU-V2-2048x1024.jpg 2048w\" sizes=\"(max-width: 3000px) 100vw, 3000px\" \/><button\n\t\t\tclass=\"lightbox-trigger\"\n\t\t\ttype=\"button\"\n\t\t\taria-haspopup=\"dialog\"\n\t\t\taria-label=\"Agrandir l\u2018image\"\n\t\t\tdata-wp-init=\"callbacks.initTriggerButton\"\n\t\t\tdata-wp-on-async--click=\"actions.showLightbox\"\n\t\t\tdata-wp-style--right=\"context.imageButtonRight\"\n\t\t\tdata-wp-style--top=\"context.imageButtonTop\"\n\t\t>\n\t\t\t<svg xmlns=\"http:\/\/www.w3.org\/2000\/svg\" width=\"12\" height=\"12\" fill=\"none\" viewBox=\"0 0 12 12\">\n\t\t\t\t<path fill=\"#fff\" d=\"M2 0a2 2 0 0 0-2 2v2h1.5V2a.5.5 0 0 1 .5-.5h2V0H2Zm2 10.5H2a.5.5 0 0 1-.5-.5V8H0v2a2 2 0 0 0 2 2h2v-1.5ZM8 12v-1.5h2a.5.5 0 0 0 .5-.5V8H12v2a2 2 0 0 1-2 2H8Zm2-12a2 2 0 0 1 2 2v2h-1.5V2a.5.5 0 0 0-.5-.5H8V0h2Z\" \/>\n\t\t\t<\/svg>\n\t\t<\/button><\/figure>\n\n\n\n<figure data-wp-context=\"{&quot;uploadedSrc&quot;:&quot;https:\\\/\\\/www.carbone-architectes.fr\\\/wp-content\\\/uploads\\\/2024\\\/03\\\/JOUY-HALL-V2.jpg&quot;,&quot;figureClassNames&quot;:&quot;wp-block-image size-full&quot;,&quot;figureStyles&quot;:null,&quot;imgClassNames&quot;:&quot;wp-image-989&quot;,&quot;imgStyles&quot;:null,&quot;targetWidth&quot;:3000,&quot;targetHeight&quot;:1500,&quot;scaleAttr&quot;:false,&quot;ariaLabel&quot;:&quot;Agrandir l\\u2018image&quot;,&quot;alt&quot;:&quot;&quot;}\" data-wp-interactive=\"core\/image\" class=\"wp-block-image size-full wp-lightbox-container\"><img decoding=\"async\" width=\"3000\" height=\"1500\" data-wp-init=\"callbacks.setButtonStyles\" data-wp-on-async--click=\"actions.showLightbox\" data-wp-on-async--load=\"callbacks.setButtonStyles\" data-wp-on-async-window--resize=\"callbacks.setButtonStyles\" src=\"https:\/\/carbone-architectes.fr\/wp-content\/uploads\/2024\/03\/JOUY-HALL-V2.jpg\" alt=\"\" class=\"wp-image-989\" srcset=\"https:\/\/www.carbone-architectes.fr\/wp-content\/uploads\/2024\/03\/JOUY-HALL-V2.jpg 3000w, https:\/\/www.carbone-architectes.fr\/wp-content\/uploads\/2024\/03\/JOUY-HALL-V2-768x384.jpg 768w, https:\/\/www.carbone-architectes.fr\/wp-content\/uploads\/2024\/03\/JOUY-HALL-V2-1536x768.jpg 1536w, https:\/\/www.carbone-architectes.fr\/wp-content\/uploads\/2024\/03\/JOUY-HALL-V2-2048x1024.jpg 2048w\" sizes=\"(max-width: 3000px) 100vw, 3000px\" \/><button\n\t\t\tclass=\"lightbox-trigger\"\n\t\t\ttype=\"button\"\n\t\t\taria-haspopup=\"dialog\"\n\t\t\taria-label=\"Agrandir l\u2018image\"\n\t\t\tdata-wp-init=\"callbacks.initTriggerButton\"\n\t\t\tdata-wp-on-async--click=\"actions.showLightbox\"\n\t\t\tdata-wp-style--right=\"context.imageButtonRight\"\n\t\t\tdata-wp-style--top=\"context.imageButtonTop\"\n\t\t>\n\t\t\t<svg xmlns=\"http:\/\/www.w3.org\/2000\/svg\" width=\"12\" height=\"12\" fill=\"none\" viewBox=\"0 0 12 12\">\n\t\t\t\t<path fill=\"#fff\" d=\"M2 0a2 2 0 0 0-2 2v2h1.5V2a.5.5 0 0 1 .5-.5h2V0H2Zm2 10.5H2a.5.5 0 0 1-.5-.5V8H0v2a2 2 0 0 0 2 2h2v-1.5ZM8 12v-1.5h2a.5.5 0 0 0 .5-.5V8H12v2a2 2 0 0 1-2 2H8Zm2-12a2 2 0 0 1 2 2v2h-1.5V2a.5.5 0 0 0-.5-.5H8V0h2Z\" \/>\n\t\t\t<\/svg>\n\t\t<\/button><\/figure>\n\n\n\n<figure data-wp-context=\"{&quot;uploadedSrc&quot;:&quot;https:\\\/\\\/www.carbone-architectes.fr\\\/wp-content\\\/uploads\\\/2024\\\/03\\\/JOUY-08-VUE-RESTAURATION-V3.jpg&quot;,&quot;figureClassNames&quot;:&quot;wp-block-image size-full&quot;,&quot;figureStyles&quot;:null,&quot;imgClassNames&quot;:&quot;wp-image-1000&quot;,&quot;imgStyles&quot;:null,&quot;targetWidth&quot;:3000,&quot;targetHeight&quot;:1800,&quot;scaleAttr&quot;:false,&quot;ariaLabel&quot;:&quot;Agrandir l\\u2018image&quot;,&quot;alt&quot;:&quot;&quot;}\" data-wp-interactive=\"core\/image\" class=\"wp-block-image size-full wp-lightbox-container\"><img decoding=\"async\" width=\"3000\" height=\"1800\" data-wp-init=\"callbacks.setButtonStyles\" data-wp-on-async--click=\"actions.showLightbox\" data-wp-on-async--load=\"callbacks.setButtonStyles\" data-wp-on-async-window--resize=\"callbacks.setButtonStyles\" src=\"https:\/\/carbone-architectes.fr\/wp-content\/uploads\/2024\/03\/JOUY-08-VUE-RESTAURATION-V3.jpg\" alt=\"\" class=\"wp-image-1000\" srcset=\"https:\/\/www.carbone-architectes.fr\/wp-content\/uploads\/2024\/03\/JOUY-08-VUE-RESTAURATION-V3.jpg 3000w, https:\/\/www.carbone-architectes.fr\/wp-content\/uploads\/2024\/03\/JOUY-08-VUE-RESTAURATION-V3-768x461.jpg 768w, https:\/\/www.carbone-architectes.fr\/wp-content\/uploads\/2024\/03\/JOUY-08-VUE-RESTAURATION-V3-1536x922.jpg 1536w, https:\/\/www.carbone-architectes.fr\/wp-content\/uploads\/2024\/03\/JOUY-08-VUE-RESTAURATION-V3-2048x1229.jpg 2048w\" sizes=\"(max-width: 3000px) 100vw, 3000px\" \/><button\n\t\t\tclass=\"lightbox-trigger\"\n\t\t\ttype=\"button\"\n\t\t\taria-haspopup=\"dialog\"\n\t\t\taria-label=\"Agrandir l\u2018image\"\n\t\t\tdata-wp-init=\"callbacks.initTriggerButton\"\n\t\t\tdata-wp-on-async--click=\"actions.showLightbox\"\n\t\t\tdata-wp-style--right=\"context.imageButtonRight\"\n\t\t\tdata-wp-style--top=\"context.imageButtonTop\"\n\t\t>\n\t\t\t<svg xmlns=\"http:\/\/www.w3.org\/2000\/svg\" width=\"12\" height=\"12\" fill=\"none\" viewBox=\"0 0 12 12\">\n\t\t\t\t<path fill=\"#fff\" d=\"M2 0a2 2 0 0 0-2 2v2h1.5V2a.5.5 0 0 1 .5-.5h2V0H2Zm2 10.5H2a.5.5 0 0 1-.5-.5V8H0v2a2 2 0 0 0 2 2h2v-1.5ZM8 12v-1.5h2a.5.5 0 0 0 .5-.5V8H12v2a2 2 0 0 1-2 2H8Zm2-12a2 2 0 0 1 2 2v2h-1.5V2a.5.5 0 0 0-.5-.5H8V0h2Z\" \/>\n\t\t\t<\/svg>\n\t\t<\/button><\/figure>\n\n\n\n<figure data-wp-context=\"{&quot;uploadedSrc&quot;:&quot;https:\\\/\\\/www.carbone-architectes.fr\\\/wp-content\\\/uploads\\\/2024\\\/03\\\/JOUY-03-AXO-aerienne.jpg&quot;,&quot;figureClassNames&quot;:&quot;wp-block-image size-full&quot;,&quot;figureStyles&quot;:null,&quot;imgClassNames&quot;:&quot;wp-image-993&quot;,&quot;imgStyles&quot;:null,&quot;targetWidth&quot;:3840,&quot;targetHeight&quot;:1474,&quot;scaleAttr&quot;:false,&quot;ariaLabel&quot;:&quot;Agrandir l\\u2018image&quot;,&quot;alt&quot;:&quot;&quot;}\" data-wp-interactive=\"core\/image\" class=\"wp-block-image size-full wp-lightbox-container\"><img decoding=\"async\" width=\"3840\" height=\"1474\" data-wp-init=\"callbacks.setButtonStyles\" data-wp-on-async--click=\"actions.showLightbox\" data-wp-on-async--load=\"callbacks.setButtonStyles\" data-wp-on-async-window--resize=\"callbacks.setButtonStyles\" src=\"https:\/\/carbone-architectes.fr\/wp-content\/uploads\/2024\/03\/JOUY-03-AXO-aerienne.jpg\" alt=\"\" class=\"wp-image-993\" srcset=\"https:\/\/www.carbone-architectes.fr\/wp-content\/uploads\/2024\/03\/JOUY-03-AXO-aerienne.jpg 3840w, https:\/\/www.carbone-architectes.fr\/wp-content\/uploads\/2024\/03\/JOUY-03-AXO-aerienne-768x295.jpg 768w, https:\/\/www.carbone-architectes.fr\/wp-content\/uploads\/2024\/03\/JOUY-03-AXO-aerienne-1536x590.jpg 1536w, https:\/\/www.carbone-architectes.fr\/wp-content\/uploads\/2024\/03\/JOUY-03-AXO-aerienne-2048x786.jpg 2048w\" sizes=\"(max-width: 3840px) 100vw, 3840px\" \/><button\n\t\t\tclass=\"lightbox-trigger\"\n\t\t\ttype=\"button\"\n\t\t\taria-haspopup=\"dialog\"\n\t\t\taria-label=\"Agrandir l\u2018image\"\n\t\t\tdata-wp-init=\"callbacks.initTriggerButton\"\n\t\t\tdata-wp-on-async--click=\"actions.showLightbox\"\n\t\t\tdata-wp-style--right=\"context.imageButtonRight\"\n\t\t\tdata-wp-style--top=\"context.imageButtonTop\"\n\t\t>\n\t\t\t<svg xmlns=\"http:\/\/www.w3.org\/2000\/svg\" width=\"12\" height=\"12\" fill=\"none\" viewBox=\"0 0 12 12\">\n\t\t\t\t<path fill=\"#fff\" d=\"M2 0a2 2 0 0 0-2 2v2h1.5V2a.5.5 0 0 1 .5-.5h2V0H2Zm2 10.5H2a.5.5 0 0 1-.5-.5V8H0v2a2 2 0 0 0 2 2h2v-1.5ZM8 12v-1.5h2a.5.5 0 0 0 .5-.5V8H12v2a2 2 0 0 1-2 2H8Zm2-12a2 2 0 0 1 2 2v2h-1.5V2a.5.5 0 0 0-.5-.5H8V0h2Z\" \/>\n\t\t\t<\/svg>\n\t\t<\/button><\/figure>\n\n\n\n<figure data-wp-context=\"{&quot;uploadedSrc&quot;:&quot;https:\\\/\\\/www.carbone-architectes.fr\\\/wp-content\\\/uploads\\\/2024\\\/03\\\/JOUY-06-Facade-rue-de-rebais.jpg&quot;,&quot;figureClassNames&quot;:&quot;wp-block-image size-full&quot;,&quot;figureStyles&quot;:null,&quot;imgClassNames&quot;:&quot;wp-image-996&quot;,&quot;imgStyles&quot;:null,&quot;targetWidth&quot;:3840,&quot;targetHeight&quot;:830,&quot;scaleAttr&quot;:false,&quot;ariaLabel&quot;:&quot;Agrandir l\\u2018image&quot;,&quot;alt&quot;:&quot;&quot;}\" data-wp-interactive=\"core\/image\" class=\"wp-block-image size-full wp-lightbox-container\"><img decoding=\"async\" width=\"3840\" height=\"830\" data-wp-init=\"callbacks.setButtonStyles\" data-wp-on-async--click=\"actions.showLightbox\" data-wp-on-async--load=\"callbacks.setButtonStyles\" data-wp-on-async-window--resize=\"callbacks.setButtonStyles\" src=\"https:\/\/carbone-architectes.fr\/wp-content\/uploads\/2024\/03\/JOUY-06-Facade-rue-de-rebais.jpg\" alt=\"\" class=\"wp-image-996\" srcset=\"https:\/\/www.carbone-architectes.fr\/wp-content\/uploads\/2024\/03\/JOUY-06-Facade-rue-de-rebais.jpg 3840w, https:\/\/www.carbone-architectes.fr\/wp-content\/uploads\/2024\/03\/JOUY-06-Facade-rue-de-rebais-768x166.jpg 768w, https:\/\/www.carbone-architectes.fr\/wp-content\/uploads\/2024\/03\/JOUY-06-Facade-rue-de-rebais-1536x332.jpg 1536w, https:\/\/www.carbone-architectes.fr\/wp-content\/uploads\/2024\/03\/JOUY-06-Facade-rue-de-rebais-2048x443.jpg 2048w\" sizes=\"(max-width: 3840px) 100vw, 3840px\" \/><button\n\t\t\tclass=\"lightbox-trigger\"\n\t\t\ttype=\"button\"\n\t\t\taria-haspopup=\"dialog\"\n\t\t\taria-label=\"Agrandir l\u2018image\"\n\t\t\tdata-wp-init=\"callbacks.initTriggerButton\"\n\t\t\tdata-wp-on-async--click=\"actions.showLightbox\"\n\t\t\tdata-wp-style--right=\"context.imageButtonRight\"\n\t\t\tdata-wp-style--top=\"context.imageButtonTop\"\n\t\t>\n\t\t\t<svg xmlns=\"http:\/\/www.w3.org\/2000\/svg\" width=\"12\" height=\"12\" fill=\"none\" viewBox=\"0 0 12 12\">\n\t\t\t\t<path fill=\"#fff\" d=\"M2 0a2 2 0 0 0-2 2v2h1.5V2a.5.5 0 0 1 .5-.5h2V0H2Zm2 10.5H2a.5.5 0 0 1-.5-.5V8H0v2a2 2 0 0 0 2 2h2v-1.5ZM8 12v-1.5h2a.5.5 0 0 0 .5-.5V8H12v2a2 2 0 0 1-2 2H8Zm2-12a2 2 0 0 1 2 2v2h-1.5V2a.5.5 0 0 0-.5-.5H8V0h2Z\" \/>\n\t\t\t<\/svg>\n\t\t<\/button><\/figure>\n\n\n\n<figure data-wp-context=\"{&quot;uploadedSrc&quot;:&quot;https:\\\/\\\/www.carbone-architectes.fr\\\/wp-content\\\/uploads\\\/2024\\\/03\\\/JOUY-05-Coupe-chemin.jpg&quot;,&quot;figureClassNames&quot;:&quot;wp-block-image size-full&quot;,&quot;figureStyles&quot;:null,&quot;imgClassNames&quot;:&quot;wp-image-995&quot;,&quot;imgStyles&quot;:null,&quot;targetWidth&quot;:3840,&quot;targetHeight&quot;:441,&quot;scaleAttr&quot;:false,&quot;ariaLabel&quot;:&quot;Agrandir l\\u2018image&quot;,&quot;alt&quot;:&quot;&quot;}\" data-wp-interactive=\"core\/image\" class=\"wp-block-image size-full wp-lightbox-container\"><img decoding=\"async\" width=\"3840\" height=\"441\" data-wp-init=\"callbacks.setButtonStyles\" data-wp-on-async--click=\"actions.showLightbox\" data-wp-on-async--load=\"callbacks.setButtonStyles\" data-wp-on-async-window--resize=\"callbacks.setButtonStyles\" src=\"https:\/\/carbone-architectes.fr\/wp-content\/uploads\/2024\/03\/JOUY-05-Coupe-chemin.jpg\" alt=\"\" class=\"wp-image-995\" srcset=\"https:\/\/www.carbone-architectes.fr\/wp-content\/uploads\/2024\/03\/JOUY-05-Coupe-chemin.jpg 3840w, https:\/\/www.carbone-architectes.fr\/wp-content\/uploads\/2024\/03\/JOUY-05-Coupe-chemin-768x88.jpg 768w, https:\/\/www.carbone-architectes.fr\/wp-content\/uploads\/2024\/03\/JOUY-05-Coupe-chemin-1536x176.jpg 1536w, https:\/\/www.carbone-architectes.fr\/wp-content\/uploads\/2024\/03\/JOUY-05-Coupe-chemin-2048x235.jpg 2048w\" sizes=\"(max-width: 3840px) 100vw, 3840px\" \/><button\n\t\t\tclass=\"lightbox-trigger\"\n\t\t\ttype=\"button\"\n\t\t\taria-haspopup=\"dialog\"\n\t\t\taria-label=\"Agrandir l\u2018image\"\n\t\t\tdata-wp-init=\"callbacks.initTriggerButton\"\n\t\t\tdata-wp-on-async--click=\"actions.showLightbox\"\n\t\t\tdata-wp-style--right=\"context.imageButtonRight\"\n\t\t\tdata-wp-style--top=\"context.imageButtonTop\"\n\t\t>\n\t\t\t<svg xmlns=\"http:\/\/www.w3.org\/2000\/svg\" width=\"12\" height=\"12\" fill=\"none\" viewBox=\"0 0 12 12\">\n\t\t\t\t<path fill=\"#fff\" d=\"M2 0a2 2 0 0 0-2 2v2h1.5V2a.5.5 0 0 1 .5-.5h2V0H2Zm2 10.5H2a.5.5 0 0 1-.5-.5V8H0v2a2 2 0 0 0 2 2h2v-1.5ZM8 12v-1.5h2a.5.5 0 0 0 .5-.5V8H12v2a2 2 0 0 1-2 2H8Zm2-12a2 2 0 0 1 2 2v2h-1.5V2a.5.5 0 0 0-.5-.5H8V0h2Z\" \/>\n\t\t\t<\/svg>\n\t\t<\/button><\/figure>\n\n\n\n<figure data-wp-context=\"{&quot;uploadedSrc&quot;:&quot;https:\\\/\\\/www.carbone-architectes.fr\\\/wp-content\\\/uploads\\\/2024\\\/03\\\/JOUY-04-facade-Sud.jpg&quot;,&quot;figureClassNames&quot;:&quot;wp-block-image size-full&quot;,&quot;figureStyles&quot;:null,&quot;imgClassNames&quot;:&quot;wp-image-994&quot;,&quot;imgStyles&quot;:null,&quot;targetWidth&quot;:3840,&quot;targetHeight&quot;:439,&quot;scaleAttr&quot;:false,&quot;ariaLabel&quot;:&quot;Agrandir l\\u2018image&quot;,&quot;alt&quot;:&quot;&quot;}\" data-wp-interactive=\"core\/image\" class=\"wp-block-image size-full wp-lightbox-container\"><img decoding=\"async\" width=\"3840\" height=\"439\" data-wp-init=\"callbacks.setButtonStyles\" data-wp-on-async--click=\"actions.showLightbox\" data-wp-on-async--load=\"callbacks.setButtonStyles\" data-wp-on-async-window--resize=\"callbacks.setButtonStyles\" src=\"https:\/\/carbone-architectes.fr\/wp-content\/uploads\/2024\/03\/JOUY-04-facade-Sud.jpg\" alt=\"\" class=\"wp-image-994\" srcset=\"https:\/\/www.carbone-architectes.fr\/wp-content\/uploads\/2024\/03\/JOUY-04-facade-Sud.jpg 3840w, https:\/\/www.carbone-architectes.fr\/wp-content\/uploads\/2024\/03\/JOUY-04-facade-Sud-768x88.jpg 768w, https:\/\/www.carbone-architectes.fr\/wp-content\/uploads\/2024\/03\/JOUY-04-facade-Sud-1536x176.jpg 1536w, https:\/\/www.carbone-architectes.fr\/wp-content\/uploads\/2024\/03\/JOUY-04-facade-Sud-2048x234.jpg 2048w\" sizes=\"(max-width: 3840px) 100vw, 3840px\" \/><button\n\t\t\tclass=\"lightbox-trigger\"\n\t\t\ttype=\"button\"\n\t\t\taria-haspopup=\"dialog\"\n\t\t\taria-label=\"Agrandir l\u2018image\"\n\t\t\tdata-wp-init=\"callbacks.initTriggerButton\"\n\t\t\tdata-wp-on-async--click=\"actions.showLightbox\"\n\t\t\tdata-wp-style--right=\"context.imageButtonRight\"\n\t\t\tdata-wp-style--top=\"context.imageButtonTop\"\n\t\t>\n\t\t\t<svg xmlns=\"http:\/\/www.w3.org\/2000\/svg\" width=\"12\" height=\"12\" fill=\"none\" viewBox=\"0 0 12 12\">\n\t\t\t\t<path fill=\"#fff\" d=\"M2 0a2 2 0 0 0-2 2v2h1.5V2a.5.5 0 0 1 .5-.5h2V0H2Zm2 10.5H2a.5.5 0 0 1-.5-.5V8H0v2a2 2 0 0 0 2 2h2v-1.5ZM8 12v-1.5h2a.5.5 0 0 0 .5-.5V8H12v2a2 2 0 0 1-2 2H8Zm2-12a2 2 0 0 1 2 2v2h-1.5V2a.5.5 0 0 0-.5-.5H8V0h2Z\" \/>\n\t\t\t<\/svg>\n\t\t<\/button><\/figure>\n<\/figure>\n\n\n\n<figure class=\"wp-block-image size-full\"><img decoding=\"async\" width=\"3240\" height=\"2160\" src=\"https:\/\/carbone-architectes.fr\/wp-content\/uploads\/2024\/03\/JOUY-02-plan-masse-couleur_web.jpg\" alt=\"\" class=\"wp-image-1102\" srcset=\"https:\/\/www.carbone-architectes.fr\/wp-content\/uploads\/2024\/03\/JOUY-02-plan-masse-couleur_web.jpg 3240w, https:\/\/www.carbone-architectes.fr\/wp-content\/uploads\/2024\/03\/JOUY-02-plan-masse-couleur_web-768x512.jpg 768w, https:\/\/www.carbone-architectes.fr\/wp-content\/uploads\/2024\/03\/JOUY-02-plan-masse-couleur_web-1536x1024.jpg 1536w, https:\/\/www.carbone-architectes.fr\/wp-content\/uploads\/2024\/03\/JOUY-02-plan-masse-couleur_web-2048x1365.jpg 2048w\" sizes=\"(max-width: 3240px) 100vw, 3240px\" \/><\/figure>\n<\/div>\n\n\n\n<div class=\"wp-block-uagb-container uagb-block-2c502ee3\">\n<figure class=\"wp-block-image size-full\"><img decoding=\"async\" width=\"1798\" height=\"1487\" src=\"https:\/\/carbone-architectes.fr\/wp-content\/uploads\/2024\/03\/JOUY-00-plan-masse.jpg\" alt=\"\" class=\"wp-image-990\" srcset=\"https:\/\/www.carbone-architectes.fr\/wp-content\/uploads\/2024\/03\/JOUY-00-plan-masse.jpg 1798w, https:\/\/www.carbone-architectes.fr\/wp-content\/uploads\/2024\/03\/JOUY-00-plan-masse-1741x1440.jpg 1741w, https:\/\/www.carbone-architectes.fr\/wp-content\/uploads\/2024\/03\/JOUY-00-plan-masse-768x635.jpg 768w, https:\/\/www.carbone-architectes.fr\/wp-content\/uploads\/2024\/03\/JOUY-00-plan-masse-1536x1270.jpg 1536w\" sizes=\"(max-width: 1798px) 100vw, 1798px\" \/><\/figure>\n\n\n\n<div class=\"wp-block-uagb-container uagb-block-c4a2a49e\">\n<h1 class=\"wp-block-heading\">Jouy-sur-Morin (77)<\/h1>\n\n\n\n<p>Projet de Regroupement des \u00e9coles&nbsp;communales<\/p>\n\n\n\n<h2 class=\"wp-block-heading\">Ma\u00eetrise d&rsquo;ouvrage :<\/h2>\n\n\n\n<p>Ville de Jouy-sur-Morin<\/p>\n\n\n\n<h2 class=\"wp-block-heading\">Ma\u00eetrise d&rsquo;\u0153uvre&nbsp;:<\/h2>\n\n\n\n<p>VIA architectes (mandataire) &amp; Carbone\u2022 CERH \u2022 TEC CO \u2022 GT2E \u2022 IGCEB \u2022 MET A \u2022 ARWYTEC \u2022 PIERRE &amp; EAU \u2022<\/p>\n\n\n\n<p>Surface : 345 m<sup>2 <\/sup>cr\u00e9\u00e9s + 552 m<sup>2 <\/sup>r\u00e9hab.<\/p>\n\n\n\n<p>Co\u00fbt : 5,1 m\u20ac HT<\/p>\n\n\n\n<h2 class=\"wp-block-heading\">Construction bois \u2022 BBC \u2022&nbsp;<\/h2>\n<\/div>\n<\/div>\n<\/div>\n","protected":false},"excerpt":{"rendered":"<p>Jouy-sur-Morin (77) Projet de Regroupement des \u00e9coles&nbsp;communales Ma\u00eetrise d&rsquo;ouvrage : Ville de Jouy-sur-Morin Ma\u00eetrise d&rsquo;\u0153uvre&nbsp;: VIA architectes (mandataire) &amp; Carbone\u2022 CERH \u2022 TEC CO \u2022 GT2E \u2022 IGCEB \u2022 MET A \u2022 ARWYTEC \u2022 PIERRE &amp; EAU \u2022 Surface : 345 m2 cr\u00e9\u00e9s + 552 m2 r\u00e9hab. Co\u00fbt : 5,1 m\u20ac HT Construction bois \u2022 [&hellip;]<\/p>\n","protected":false},"author":1,"featured_media":0,"parent":0,"menu_order":0,"comment_status":"closed","ping_status":"closed","template":"","meta":{"_uag_custom_page_level_css":"","_swt_meta_header_display":false,"_swt_meta_footer_display":false,"_swt_meta_site_title_display":true,"_swt_meta_sticky_header":true,"_swt_meta_transparent_header":false,"footnotes":""},"class_list":["post-480","page","type-page","status-publish","hentry"],"uagb_featured_image_src":{"full":false,"thumbnail":false,"medium":false,"medium_large":false,"large":false,"1536x1536":false,"2048x2048":false},"uagb_author_info":{"display_name":"SF","author_link":"https:\/\/www.carbone-architectes.fr\/index.php\/author\/sebastien-fiore\/"},"uagb_comment_info":0,"uagb_excerpt":"Jouy-sur-Morin (77) Projet de Regroupement des \u00e9coles&nbsp;communales Ma\u00eetrise d&rsquo;ouvrage : Ville de Jouy-sur-Morin Ma\u00eetrise d&rsquo;\u0153uvre&nbsp;: VIA architectes (mandataire) &amp; Carbone\u2022 CERH \u2022 TEC CO \u2022 GT2E \u2022 IGCEB \u2022 MET A \u2022 ARWYTEC \u2022 PIERRE &amp; EAU \u2022 Surface : 345 m2 cr\u00e9\u00e9s + 552 m2 r\u00e9hab. Co\u00fbt : 5,1 m\u20ac HT Construction bois \u2022\u2026","_links":{"self":[{"href":"https:\/\/www.carbone-architectes.fr\/index.php\/wp-json\/wp\/v2\/pages\/480"}],"collection":[{"href":"https:\/\/www.carbone-architectes.fr\/index.php\/wp-json\/wp\/v2\/pages"}],"about":[{"href":"https:\/\/www.carbone-architectes.fr\/index.php\/wp-json\/wp\/v2\/types\/page"}],"author":[{"embeddable":true,"href":"https:\/\/www.carbone-architectes.fr\/index.php\/wp-json\/wp\/v2\/users\/1"}],"replies":[{"embeddable":true,"href":"https:\/\/www.carbone-architectes.fr\/index.php\/wp-json\/wp\/v2\/comments?post=480"}],"version-history":[{"count":1,"href":"https:\/\/www.carbone-architectes.fr\/index.php\/wp-json\/wp\/v2\/pages\/480\/revisions"}],"predecessor-version":[{"id":1443,"href":"https:\/\/www.carbone-architectes.fr\/index.php\/wp-json\/wp\/v2\/pages\/480\/revisions\/1443"}],"wp:attachment":[{"href":"https:\/\/www.carbone-architectes.fr\/index.php\/wp-json\/wp\/v2\/media?parent=480"}],"curies":[{"name":"wp","href":"https:\/\/api.w.org\/{rel}","templated":true}]}}