{"id":624,"date":"2024-02-29T16:58:28","date_gmt":"2024-02-29T15:58:28","guid":{"rendered":"https:\/\/carbone-architectes.fr\/?page_id=624"},"modified":"2024-03-07T18:23:41","modified_gmt":"2024-03-07T17:23:41","slug":"carbone","status":"publish","type":"page","link":"https:\/\/www.carbone-architectes.fr\/index.php\/carbone\/","title":{"rendered":"carbone ?"},"content":{"rendered":"\n<div class=\"wp-block-uagb-container uagb-block-d4d7f2ad alignfull uagb-is-root-container\">\n<div class=\"wp-block-uagb-container uagb-block-a0dbdbe5\">\n<h2 class=\"wp-block-heading\">Une approche renouvel\u00e9e d\u2019\u00e9co-conception :<\/h2>\n\n\n\n<p>La cr\u00e9ation de l\u2019atelier Carbone architecte est n\u00e9e de l\u2019envie de mettre en synergie les exp\u00e9riences et comp\u00e9tences des architectes et concepteurs dans l\u2019objectif d\u2019inscrire les projets dans une d\u00e9marche d\u2019\u00e9co-conception. Nous faisons le choix de ne pas subir l\u2019\u00e9cologie comme une d\u00e9marche normative qui enferme l\u2019architecture mais au contraire de la consid\u00e9rer comme une richesse porteuse du projet au m\u00eame titre que son site et son programme.<\/p>\n\n\n\n<p class=\"has-text-align-left\">On sait aujourd\u2019hui que le secteur du b\u00e2timent a un r\u00f4le d\u00e9terminant pour retrouver l\u2019\u00e9quilibre naturel du cycle carbone. Nous pouvons r\u00e9duire l\u2019emprunte Carbone d\u2019un projet par l\u2019emploi de mat\u00e9riaux biosourc\u00e9s, recycl\u00e9s et recyclables, en favorisant les ressources locales, en minimisant ses besoins \u00e9nerg\u00e9tiques\u2026&nbsp;<\/p>\n\n\n\n<p>Chaque site \u00e0 son \u00e9chelle poss\u00e8de son propre potentiel en therme de ressources. Le vent devient alors support de ventilation, le contr\u00f4le des apports solaires participe au confort thermique, l\u2019eau de pluie peut \u00eatre trait\u00e9e et r\u00e9utilis\u00e9e sur site, la v\u00e9g\u00e9tation peut filtrer l\u2019ensoleillement, assainir l\u2019air, l\u2019eau et participer \u00e0 la r\u00e9gulation thermique des espaces ext\u00e9rieurs\u2026&nbsp;<\/p>\n\n\n\n<h2 class=\"wp-block-heading\">Ambitions :<\/h2>\n\n\n\n<p>Au-del\u00e0 de l\u2019architecture bioclimatique, la d\u00e9marche d\u2019\u00e9co-conception nous questionne sur des \u00e9chelles g\u00e9ographiques plus vaste : contexte urbains et patrimoniaux, topographiques et hydrographiques, flux et liens sociaux, trames paysag\u00e8res et \u00e9cosyst\u00e8mes&#8230; Ce regard doit nous porter vers des logiques vertueuses d\u2019interactions du projet avec son site (symbiose) en valorisant ses potentiels.&nbsp;<\/p>\n\n\n\n<p>La logique environnementale permet aussi d\u2019inscrire un projet dans un espace-temps plus \u00e9tendu qui nous questionne aussi bien sur le cycle de vie des mat\u00e9riaux que sur la r\u00e9versibilit\u00e9 des espaces.&nbsp;<\/p>\n\n\n\n<p>L\u2019articulation d\u2019un programme avec son site doit prioritairement donner naissance \u00e0 un projet fonctionnel, lisible et compr\u00e9hensif. Le programme doit \u00eatre interrog\u00e9, les besoins hi\u00e9rarchis\u00e9s et articul\u00e9s pour aller au-del\u00e0 des exigences exprim\u00e9es. Nous adoptons une approche rationnelle du projet par l\u2019\u00e9tude d\u2019un syst\u00e8me constructif coh\u00e9rent et \u00e9volutif, d\u2019une structure pertinente et adapt\u00e9e.<\/p>\n\n\n\n<p>Il s\u2019agit aussi de remettre l\u2019humain au c\u0153ur de nos pr\u00e9occupations et de susciter l\u2019envie de pratiquer l\u2019architecture. Au-del\u00e0 de la spatialit\u00e9 propos\u00e9e par un projet, la notion de confort apport\u00e9e par la qualit\u00e9 et la p\u00e9rennit\u00e9 des mat\u00e9riaux, celle de la lumi\u00e8re (naturelle et artificielle), de l\u2019air\u2026 Un \u00e9difice accompagne les personnes qui la vivent comme une exp\u00e9rience quotidienne ou occasionnelle. L\u2019architecture est porteuse d\u2019une dimension po\u00e9tique et sensible qui est parfois instigatrice d\u2019\u00e9motions particuli\u00e8res qui nous nourrissent.&nbsp;<\/p>\n\n\n\n<h2 class=\"wp-block-heading\">M\u00e9thodologie :<\/h2>\n\n\n\n<p>Le travail en partenariat avec diff\u00e9rentes agences d\u2019architecture (K architectures, VIA architectes, Brenac et Gonzalez&#8230;) nous ont permis de mettre en place des m\u00e9thodologies de travail souples, efficaces et adapt\u00e9es. La projection sur des programmes vari\u00e9s, \u00e0 des \u00e9chelles diff\u00e9rentes a \u00e9prouv\u00e9 ces m\u00e9thodologies et les ont fait \u00e9voluer. La qualit\u00e9 de ces collaborations comme de celles entretenues avec l\u2019ensemble des acteurs d\u2019un projet est souvent porteuse de projets r\u00e9ussis.&nbsp;<\/p>\n\n\n\n<p>Questionner un programme en concertation avec la Moa permet aussi de mieux d\u00e9finir nos r\u00e9ponses, d\u2019aller au-del\u00e0 des \u00e9vidences et de porter une vision plus \u00e9co-responsable, vers une architecture plus sobre, plus autonome et perenne.&nbsp;<\/p>\n\n\n\n<p>Le d\u00e9veloppement d\u2019une conception sur maquette virtuelle (BIM) tout au long des \u00e9tudes et du chantier nous permet de tester rapidement nos id\u00e9es, de v\u00e9rifier la pertinence des choix r\u00e9alis\u00e9s. Il assure une communication ais\u00e9e avec tous les acteurs du projet (maitrise d\u2019\u0153uvre, ma\u00eetrise d\u2019ouvrage et entreprises).<\/p>\n<\/div>\n\n\n\n<div class=\"wp-block-uagb-container uagb-block-46f1db7e\">\n<div class=\"wp-block-uagb-container uagb-block-2ad6169a\">\n<figure class=\"wp-block-image size-full\"><img decoding=\"async\" width=\"734\" height=\"734\" src=\"https:\/\/carbone-architectes.fr\/wp-content\/uploads\/2024\/03\/ventilation-naturelle.jpg\" alt=\"\" class=\"wp-image-670\" style=\"object-fit:cover\" srcset=\"https:\/\/www.carbone-architectes.fr\/wp-content\/uploads\/2024\/03\/ventilation-naturelle.jpg 734w, https:\/\/www.carbone-architectes.fr\/wp-content\/uploads\/2024\/03\/ventilation-naturelle-300x300.jpg 300w, https:\/\/www.carbone-architectes.fr\/wp-content\/uploads\/2024\/03\/ventilation-naturelle-150x150.jpg 150w\" sizes=\"(max-width: 734px) 100vw, 734px\" \/><\/figure>\n<\/div>\n\n\n\n<div class=\"wp-block-uagb-container uagb-block-47388a15\">\n<figure class=\"wp-block-image size-full\"><img decoding=\"async\" width=\"734\" height=\"736\" src=\"https:\/\/carbone-architectes.fr\/wp-content\/uploads\/2024\/03\/inertie.jpg\" alt=\"\" class=\"wp-image-668\" srcset=\"https:\/\/www.carbone-architectes.fr\/wp-content\/uploads\/2024\/03\/inertie.jpg 734w, https:\/\/www.carbone-architectes.fr\/wp-content\/uploads\/2024\/03\/inertie-300x300.jpg 300w, https:\/\/www.carbone-architectes.fr\/wp-content\/uploads\/2024\/03\/inertie-150x150.jpg 150w\" sizes=\"(max-width: 734px) 100vw, 734px\" \/><\/figure>\n<\/div>\n\n\n\n<div class=\"wp-block-uagb-container uagb-block-cb667f3d\">\n<figure class=\"wp-block-image size-full\"><img decoding=\"async\" width=\"734\" height=\"735\" src=\"https:\/\/carbone-architectes.fr\/wp-content\/uploads\/2024\/03\/ensoleillement.jpg\" alt=\"\" class=\"wp-image-667\" srcset=\"https:\/\/www.carbone-architectes.fr\/wp-content\/uploads\/2024\/03\/ensoleillement.jpg 734w, https:\/\/www.carbone-architectes.fr\/wp-content\/uploads\/2024\/03\/ensoleillement-300x300.jpg 300w, https:\/\/www.carbone-architectes.fr\/wp-content\/uploads\/2024\/03\/ensoleillement-150x150.jpg 150w\" sizes=\"(max-width: 734px) 100vw, 734px\" \/><\/figure>\n<\/div>\n\n\n\n<div class=\"wp-block-uagb-container uagb-block-410f7248\">\n<figure class=\"wp-block-image size-full\"><img decoding=\"async\" width=\"734\" height=\"735\" src=\"https:\/\/carbone-architectes.fr\/wp-content\/uploads\/2024\/03\/eau-de-pluie.jpg\" alt=\"\" class=\"wp-image-666\" srcset=\"https:\/\/www.carbone-architectes.fr\/wp-content\/uploads\/2024\/03\/eau-de-pluie.jpg 734w, https:\/\/www.carbone-architectes.fr\/wp-content\/uploads\/2024\/03\/eau-de-pluie-300x300.jpg 300w, https:\/\/www.carbone-architectes.fr\/wp-content\/uploads\/2024\/03\/eau-de-pluie-150x150.jpg 150w\" sizes=\"(max-width: 734px) 100vw, 734px\" \/><\/figure>\n<\/div>\n\n\n\n<div class=\"wp-block-uagb-container uagb-block-81a65a02\">\n<figure class=\"wp-block-image size-full\"><img decoding=\"async\" width=\"770\" height=\"777\" src=\"https:\/\/carbone-architectes.fr\/wp-content\/uploads\/2024\/03\/carbone.jpg\" alt=\"\" class=\"wp-image-665\" srcset=\"https:\/\/www.carbone-architectes.fr\/wp-content\/uploads\/2024\/03\/carbone.jpg 770w, https:\/\/www.carbone-architectes.fr\/wp-content\/uploads\/2024\/03\/carbone-297x300.jpg 297w, https:\/\/www.carbone-architectes.fr\/wp-content\/uploads\/2024\/03\/carbone-150x150.jpg 150w, https:\/\/www.carbone-architectes.fr\/wp-content\/uploads\/2024\/03\/carbone-768x775.jpg 768w\" sizes=\"(max-width: 770px) 100vw, 770px\" \/><\/figure>\n<\/div>\n\n\n\n<div class=\"wp-block-uagb-container uagb-block-515720f8\">\n<figure class=\"wp-block-image size-full\"><img decoding=\"async\" width=\"734\" height=\"735\" src=\"https:\/\/carbone-architectes.fr\/wp-content\/uploads\/2024\/03\/biodiversite.jpg\" alt=\"\" class=\"wp-image-664\" srcset=\"https:\/\/www.carbone-architectes.fr\/wp-content\/uploads\/2024\/03\/biodiversite.jpg 734w, https:\/\/www.carbone-architectes.fr\/wp-content\/uploads\/2024\/03\/biodiversite-300x300.jpg 300w, https:\/\/www.carbone-architectes.fr\/wp-content\/uploads\/2024\/03\/biodiversite-150x150.jpg 150w\" sizes=\"(max-width: 734px) 100vw, 734px\" \/><\/figure>\n<\/div>\n\n\n\n<div class=\"wp-block-uagb-container uagb-block-c48a91d7\">\n<figure class=\"wp-block-image size-full\"><img decoding=\"async\" width=\"734\" height=\"735\" src=\"https:\/\/carbone-architectes.fr\/wp-content\/uploads\/2024\/03\/potentiel-vegetal.jpg\" alt=\"\" class=\"wp-image-669\" srcset=\"https:\/\/www.carbone-architectes.fr\/wp-content\/uploads\/2024\/03\/potentiel-vegetal.jpg 734w, https:\/\/www.carbone-architectes.fr\/wp-content\/uploads\/2024\/03\/potentiel-vegetal-300x300.jpg 300w, https:\/\/www.carbone-architectes.fr\/wp-content\/uploads\/2024\/03\/potentiel-vegetal-150x150.jpg 150w\" sizes=\"(max-width: 734px) 100vw, 734px\" \/><\/figure>\n<\/div>\n<\/div>\n<\/div>\n\n\n\n<div class=\"wp-block-uagb-container uagb-block-7181f43b alignfull uagb-is-root-container\">\n<div class=\"wp-block-uagb-container uagb-block-da3822ca\">\n<h2 class=\"wp-block-heading\">A propos&#8230;<\/h2>\n\n\n\n<p>R\u00e9unis depuis l\u2019\u00e9cole d\u2019architecture de Marseille, Amandine Richard et S\u00e9bastien Fiore ont cr\u00e9\u00e9 l\u2019atelier Carbone architecte suite \u00e0 diverses exp\u00e9riences en agences parisiennes.<\/p>\n\n\n\n<p>Amandine Richard a d\u2019abord d\u00e9velopp\u00e9 des projets publics de proximit\u00e9 scolaires, petite enfance ou culturels au sein de l\u2019agence nb architectes dans laquelle le d\u00e9veloppement durable et la construction bois \u00e9taient d\u00e9j\u00e0 au coeur des pr\u00e9occupations. Elle a ensuite rejoint l\u2019atelier Brenac &amp; Gonzalez o\u00f9 elle participe \u00e0 l\u2019\u00e9laboration de projets scolaires et de logements qu\u2019elle suivra de bout en bout. Successivement salari\u00e9e et ind\u00e9pendante elle travaille aussi en \u00e9troite collaboration avec l\u2019agence VIA architectes avant de cr\u00e9er l\u2019atelier carbone architecte.<\/p>\n\n\n\n<p>S\u00e9bastien Fiore a connu aussi plusieurs agences parisiennes. Il enrichit son cursus (de la conception au chantier) au sein de l\u2019atelier K architectures qui d\u00e9veloppe la dimension sensible de l\u2019architecture. Il y aborde des projets culturels : salles de spectacle, th\u00e9\u00e2tres, \u00e9cole de musique. Il travaille aussi avec les ateliers Brenac &amp; Gonzalez et VIA architectes, o\u00f9 il d\u00e9veloppe des projets publics principalement scolaires. Co-fondateur de l\u2019atelier Carbone qui ambitionne de partager des exp\u00e9riences crois\u00e9es avec ces agences dans une d\u00e9marche \u00e9cologique et durable.<\/p>\n\n\n\n<p>Install\u00e9 \u00e0 Paris, l\u2019atelier carbone m\u00e8ne et accompagne des projets de construction neuve et de r\u00e9habilitation sur des territoires m\u00e9tropolitains, p\u00e9ri-urbains ou ruraux.<\/p>\n<\/div>\n\n\n\n<div class=\"wp-block-uagb-container uagb-block-3c9f8b3b\">\n<div class=\"wp-block-uagb-container uagb-block-0e5f2ab1\">\n<figure class=\"wp-block-image size-full\"><img decoding=\"async\" width=\"1296\" height=\"1709\" src=\"https:\/\/carbone-architectes.fr\/wp-content\/uploads\/2024\/03\/photo-2018-nb.jpg\" alt=\"\" class=\"wp-image-1206\" srcset=\"https:\/\/www.carbone-architectes.fr\/wp-content\/uploads\/2024\/03\/photo-2018-nb.jpg 1296w, https:\/\/www.carbone-architectes.fr\/wp-content\/uploads\/2024\/03\/photo-2018-nb-1092x1440.jpg 1092w, https:\/\/www.carbone-architectes.fr\/wp-content\/uploads\/2024\/03\/photo-2018-nb-768x1013.jpg 768w, https:\/\/www.carbone-architectes.fr\/wp-content\/uploads\/2024\/03\/photo-2018-nb-1165x1536.jpg 1165w\" sizes=\"(max-width: 1296px) 100vw, 1296px\" \/><\/figure>\n\n\n\n<figure class=\"wp-block-image size-full\"><img decoding=\"async\" width=\"824\" height=\"1109\" src=\"https:\/\/carbone-architectes.fr\/wp-content\/uploads\/2024\/03\/PHOTO-BASTIEN-NB.jpg\" alt=\"\" class=\"wp-image-1207\" srcset=\"https:\/\/www.carbone-architectes.fr\/wp-content\/uploads\/2024\/03\/PHOTO-BASTIEN-NB.jpg 824w, https:\/\/www.carbone-architectes.fr\/wp-content\/uploads\/2024\/03\/PHOTO-BASTIEN-NB-768x1034.jpg 768w\" sizes=\"(max-width: 824px) 100vw, 824px\" \/><\/figure>\n<\/div>\n<\/div>\n<\/div>\n","protected":false},"excerpt":{"rendered":"<p>Une approche renouvel\u00e9e d\u2019\u00e9co-conception : La cr\u00e9ation de l\u2019atelier Carbone architecte est n\u00e9e de l\u2019envie de mettre en synergie les exp\u00e9riences et comp\u00e9tences des architectes et concepteurs dans l\u2019objectif d\u2019inscrire les projets dans une d\u00e9marche d\u2019\u00e9co-conception. Nous faisons le choix de ne pas subir l\u2019\u00e9cologie comme une d\u00e9marche normative qui enferme l\u2019architecture mais au contraire [&hellip;]<\/p>\n","protected":false},"author":1,"featured_media":0,"parent":0,"menu_order":0,"comment_status":"closed","ping_status":"closed","template":"","meta":{"_uag_custom_page_level_css":"","_swt_meta_header_display":false,"_swt_meta_footer_display":false,"_swt_meta_site_title_display":true,"_swt_meta_sticky_header":true,"_swt_meta_transparent_header":false,"footnotes":""},"class_list":["post-624","page","type-page","status-publish","hentry"],"uagb_featured_image_src":{"full":false,"thumbnail":false,"medium":false,"medium_large":false,"large":false,"1536x1536":false,"2048x2048":false},"uagb_author_info":{"display_name":"SF","author_link":"https:\/\/www.carbone-architectes.fr\/index.php\/author\/sebastien-fiore\/"},"uagb_comment_info":0,"uagb_excerpt":"Une approche renouvel\u00e9e d\u2019\u00e9co-conception : La cr\u00e9ation de l\u2019atelier Carbone architecte est n\u00e9e de l\u2019envie de mettre en synergie les exp\u00e9riences et comp\u00e9tences des architectes et concepteurs dans l\u2019objectif d\u2019inscrire les projets dans une d\u00e9marche d\u2019\u00e9co-conception. Nous faisons le choix de ne pas subir l\u2019\u00e9cologie comme une d\u00e9marche normative qui enferme l\u2019architecture mais au contraire\u2026","_links":{"self":[{"href":"https:\/\/www.carbone-architectes.fr\/index.php\/wp-json\/wp\/v2\/pages\/624"}],"collection":[{"href":"https:\/\/www.carbone-architectes.fr\/index.php\/wp-json\/wp\/v2\/pages"}],"about":[{"href":"https:\/\/www.carbone-architectes.fr\/index.php\/wp-json\/wp\/v2\/types\/page"}],"author":[{"embeddable":true,"href":"https:\/\/www.carbone-architectes.fr\/index.php\/wp-json\/wp\/v2\/users\/1"}],"replies":[{"embeddable":true,"href":"https:\/\/www.carbone-architectes.fr\/index.php\/wp-json\/wp\/v2\/comments?post=624"}],"version-history":[{"count":1,"href":"https:\/\/www.carbone-architectes.fr\/index.php\/wp-json\/wp\/v2\/pages\/624\/revisions"}],"predecessor-version":[{"id":1485,"href":"https:\/\/www.carbone-architectes.fr\/index.php\/wp-json\/wp\/v2\/pages\/624\/revisions\/1485"}],"wp:attachment":[{"href":"https:\/\/www.carbone-architectes.fr\/index.php\/wp-json\/wp\/v2\/media?parent=624"}],"curies":[{"name":"wp","href":"https:\/\/api.w.org\/{rel}","templated":true}]}}